{"id":8630,"date":"2025-05-10T11:08:46","date_gmt":"2025-05-10T11:08:46","guid":{"rendered":"https:\/\/prosportivo.eu\/?page_id=8630"},"modified":"2025-06-23T09:08:08","modified_gmt":"2025-06-23T09:08:08","slug":"obsluga-linii-lotniczych","status":"publish","type":"page","link":"https:\/\/prosportivo.eu\/en\/obsluga-linii-lotniczych\/","title":{"rendered":"Airline service"},"content":{"rendered":"<div class=\"wpb-content-wrapper\"><div data-vc-full-width=\"true\" data-vc-full-width-init=\"false\" data-vc-stretch-content=\"true\" class=\"vc_row wpb_row vc_row-fluid vc_row-no-padding text-align-center\"><div class=\"wpb_column vc_column_container vc_col-sm-12\"><div class=\"vc_column-inner\"><div class=\"wpb_wrapper\"><div class=\"ltx-sky-slider\" id=\" id=&quot;like_sc_parallax_slider_1804651537&quot;\">\r\n\t<div class=\"ltx-slider-inner\"><div class=\"es-resp\">\t<div class=\"visible-xl\" style=\"height: 196px;\"><\/div>\t<div class=\"hidden-xl hidden-md hidden-sm hidden-ms hidden-xs\" style=\"height: 196px;\"><\/div>\t<div class=\"visible-md\" style=\"height: 196px;\"><\/div>\t<div class=\"visible-sm\" style=\"height: 196px;\"><\/div>\t<div class=\"visible-ms\" style=\"height: 196px;\"><\/div>\t<div class=\"visible-xs\" style=\"height: 196px;\"><\/div><\/div><div class=\"heading  heading-large default align-center color-second subcolor-black transform-header-up icon-type-hidden heading-tag-h1\" id=\"like_sc_header_668744722\"><h1 class=\"header ltx-sr-id-like_sc_header_6687447221026939897 ltx-sr ltx-sr-effect-fade_in ltx-sr-el-block ltx-sr-delay-0 ltx-sr-duration-1000 ltx-sr-sequences-0\">Airline service<\/h1><\/div><div class=\"ltx-content-width col-align-center\" id=\"like_sc_content_width_1217263553\" style=\"max-width: 700px\"><div class=\"ltx-wrapper\">\n\t<div class=\"wpb_text_column wpb_content_element\" >\n\t\t<div class=\"wpb_wrapper\">\n\t\t\t<p style=\"text-align: center;\">We present our offer:<\/p>\n\n\t\t<\/div>\n\t<\/div>\n<\/div><\/div><div class=\"es-resp\">\t<div class=\"visible-xl\" style=\"height: 96px;\"><\/div>\t<div class=\"hidden-xl hidden-md hidden-sm hidden-ms hidden-xs\" style=\"height: 96px;\"><\/div>\t<div class=\"visible-md\" style=\"height: 96px;\"><\/div>\t<div class=\"visible-sm\" style=\"height: 96px;\"><\/div>\t<div class=\"visible-ms\" style=\"height: 96px;\"><\/div>\t<div class=\"visible-xs\" style=\"height: 96px;\"><\/div><\/div><div class=\"btn-wrap align-center btn-wrap-inline\"><a href=\"https:\/\/prosportivo.eu\/en\/zakwaterowanie\/\"  class=\"btn  btn-second color-hover-white align-center\" id=\"like_sc_button_996160344\">Accommodation<\/a><\/div><div class=\"btn-wrap align-center btn-wrap-inline\"><a href=\"https:\/\/prosportivo.eu\/en\/transport\/\"  class=\"btn  btn-second color-hover-white align-center\" id=\"like_sc_button_1666520270\">Transport<\/a><\/div><div class=\"btn-wrap align-center btn-wrap-inline\"><a href=\"https:\/\/prosportivo.eu\/en\/uslugi-dodatkowe\/\"  class=\"btn  btn-second color-hover-white align-center\" id=\"like_sc_button_877239075\">Additional services<\/a><\/div><div class=\"btn-wrap align-center btn-wrap-inline\"><a href=\"https:\/\/prosportivo.eu\/en\/kontakt\/\"  class=\"btn  btn-second color-hover-white align-center\" id=\"like_sc_button_231400688\">Contact<\/a><\/div><div class=\"es-resp\">\t<div class=\"visible-xl\" style=\"height: 350px;\"><\/div>\t<div class=\"hidden-xl hidden-md hidden-sm hidden-ms hidden-xs\" style=\"height: 350px;\"><\/div>\t<div class=\"visible-md\" style=\"height: 350px;\"><\/div>\t<div class=\"visible-sm\" style=\"height: 350px;\"><\/div>\t<div class=\"visible-ms\" style=\"height: 350px;\"><\/div>\t<div class=\"visible-xs\" style=\"height: 350px;\"><\/div><\/div><\/div>\r\n\r\n\t \r\n\t\t<div id=\"ltx-sky-1\" style=\"background-image:url(https:\/\/prosportivo.eu\/wp-content\/uploads\/2019\/02\/slider-clouds.png)\"><\/div>\r\n\t\t \r\n\t\t<div id=\"ltx-sky-2\" style=\"background-image:url(https:\/\/prosportivo.eu\/wp-content\/uploads\/2019\/02\/slider-bg.jpg)\"><\/div>\r\n\t\t\r\n\t \r\n\t\t<div id=\"ltx-sky-3\" style=\"background-image:url(https:\/\/prosportivo.eu\/wp-content\/uploads\/2019\/02\/slider-sun.png)\"><\/div>\r\n\t\t\r\n\t \r\n\t\t<div id=\"ltx-sky-4\" style=\"background-image:url(https:\/\/prosportivo.eu\/wp-content\/uploads\/2019\/02\/slider-fog.png)\"><\/div>\r\n\t\t\r\n\t \r\n\t\t<div id=\"ltx-wing\" style=\"background-image:url(https:\/\/prosportivo.eu\/wp-content\/uploads\/2019\/02\/slider-wing.png)\"><\/div>\r\n\t\t\r\n<\/div><\/div><\/div><\/div><\/div><div class=\"vc_row-full-width vc_clearfix\"><\/div>\n<\/div>","protected":false},"excerpt":{"rendered":"Obs\u0142uga linii lotniczych Przedstawiamy nasz\u0105 ofert\u0119: ZwkaterowanieTransportUs\u0142ugi dodatkoweKontakt","protected":false},"author":1,"featured_media":0,"parent":0,"menu_order":0,"comment_status":"closed","ping_status":"closed","template":"page-templates\/full-width.php","meta":{"om_disable_all_campaigns":false,"_monsterinsights_skip_tracking":false,"_monsterinsights_sitenote_active":false,"_monsterinsights_sitenote_note":"","_monsterinsights_sitenote_category":0,"footnotes":""},"class_list":["post-8630","page","type-page","status-publish","hentry"],"aioseo_notices":[],"_links":{"self":[{"href":"https:\/\/prosportivo.eu\/en\/wp-json\/wp\/v2\/pages\/8630","targetHints":{"allow":["GET"]}}],"collection":[{"href":"https:\/\/prosportivo.eu\/en\/wp-json\/wp\/v2\/pages"}],"about":[{"href":"https:\/\/prosportivo.eu\/en\/wp-json\/wp\/v2\/types\/page"}],"author":[{"embeddable":true,"href":"https:\/\/prosportivo.eu\/en\/wp-json\/wp\/v2\/users\/1"}],"replies":[{"embeddable":true,"href":"https:\/\/prosportivo.eu\/en\/wp-json\/wp\/v2\/comments?post=8630"}],"version-history":[{"count":7,"href":"https:\/\/prosportivo.eu\/en\/wp-json\/wp\/v2\/pages\/8630\/revisions"}],"predecessor-version":[{"id":9096,"href":"https:\/\/prosportivo.eu\/en\/wp-json\/wp\/v2\/pages\/8630\/revisions\/9096"}],"wp:attachment":[{"href":"https:\/\/prosportivo.eu\/en\/wp-json\/wp\/v2\/media?parent=8630"}],"curies":[{"name":"wp","href":"https:\/\/api.w.org\/{rel}","templated":true}]}}