{"id":8735,"date":"2025-05-16T10:55:31","date_gmt":"2025-05-16T10:55:31","guid":{"rendered":"https:\/\/prosportivo.eu\/?page_id=8735"},"modified":"2025-08-27T14:46:33","modified_gmt":"2025-08-27T14:46:33","slug":"transport","status":"publish","type":"page","link":"https:\/\/prosportivo.eu\/en\/transport\/","title":{"rendered":"Transport"},"content":{"rendered":"<div class=\"wpb-content-wrapper\"><div data-vc-full-width=\"true\" data-vc-full-width-init=\"false\" data-vc-stretch-content=\"true\" class=\"vc_row wpb_row vc_row-fluid vc_row-no-padding text-align-center\"><div class=\"wpb_column vc_column_container vc_col-sm-12\"><div class=\"vc_column-inner\"><div class=\"wpb_wrapper\"><div class=\"ltx-sky-slider\" id=\" id=&quot;like_sc_parallax_slider_576675233&quot;\">\r\n\t<div class=\"ltx-slider-inner\"><div class=\"es-resp\">\t<div class=\"visible-xl\" style=\"height: 196px;\"><\/div>\t<div class=\"hidden-xl hidden-md hidden-sm hidden-ms hidden-xs\" style=\"height: 196px;\"><\/div>\t<div class=\"visible-md\" style=\"height: 196px;\"><\/div>\t<div class=\"visible-sm\" style=\"height: 196px;\"><\/div>\t<div class=\"visible-ms\" style=\"height: 196px;\"><\/div>\t<div class=\"visible-xs\" style=\"height: 196px;\"><\/div><\/div><div class=\"heading  heading-large default align-center color-second subcolor-black transform-header-up icon-type-hidden heading-tag-h1\" id=\"like_sc_header_1209101990\"><h1 class=\"header ltx-sr-id-like_sc_header_1209101990241603456 ltx-sr ltx-sr-effect-fade_in ltx-sr-el-block ltx-sr-delay-0 ltx-sr-duration-1000 ltx-sr-sequences-0\">Airline service<\/h1><\/div><div class=\"ltx-content-width col-align-center\" id=\"like_sc_content_width_542731563\" style=\"max-width: 700px\"><div class=\"ltx-wrapper\">\n\t<div class=\"wpb_text_column wpb_content_element\" >\n\t\t<div class=\"wpb_wrapper\">\n\t\t\t<p style=\"text-align: center;\">Why choose our airline transportation service:<\/p>\n\n\t\t<\/div>\n\t<\/div>\n<\/div><\/div><div class=\"es-resp\">\t<div class=\"visible-xl\" style=\"height: 96px;\"><\/div>\t<div class=\"hidden-xl hidden-md hidden-sm hidden-ms hidden-xs\" style=\"height: 96px;\"><\/div>\t<div class=\"visible-md\" style=\"height: 96px;\"><\/div>\t<div class=\"visible-sm\" style=\"height: 96px;\"><\/div>\t<div class=\"visible-ms\" style=\"height: 96px;\"><\/div>\t<div class=\"visible-xs\" style=\"height: 96px;\"><\/div><\/div><div class=\"btn-wrap align-center btn-wrap-inline\"><a href=\"https:\/\/prosportivo.eu\/en\/zakwaterowanie\/\"  class=\"btn  btn-second color-hover-white align-center\" id=\"like_sc_button_170777626\">Accommodation<\/a><\/div><div class=\"btn-wrap align-center btn-wrap-inline\"><a href=\"https:\/\/prosportivo.eu\/en\/transport\/\"  class=\"btn  btn-second color-hover-white align-center\" id=\"like_sc_button_1307387251\">Transport<\/a><\/div><div class=\"btn-wrap align-center btn-wrap-inline\"><a href=\"https:\/\/prosportivo.eu\/en\/uslugi-dodatkowe\/\"  class=\"btn  btn-second color-hover-white align-center\" id=\"like_sc_button_170146098\">Additional services<\/a><\/div><div class=\"btn-wrap align-center btn-wrap-inline\"><a href=\"https:\/\/prosportivo.eu\/en\/kontakt\/\"  class=\"btn  btn-second color-hover-white align-center\" id=\"like_sc_button_555665318\">Contact<\/a><\/div><div class=\"es-resp\">\t<div class=\"visible-xl\" style=\"height: 350px;\"><\/div>\t<div class=\"hidden-xl hidden-md hidden-sm hidden-ms hidden-xs\" style=\"height: 350px;\"><\/div>\t<div class=\"visible-md\" style=\"height: 350px;\"><\/div>\t<div class=\"visible-sm\" style=\"height: 350px;\"><\/div>\t<div class=\"visible-ms\" style=\"height: 350px;\"><\/div>\t<div class=\"visible-xs\" style=\"height: 350px;\"><\/div><\/div><\/div>\r\n\r\n\t \r\n\t\t<div id=\"ltx-sky-1\" style=\"background-image:url(https:\/\/prosportivo.eu\/wp-content\/uploads\/2019\/02\/slider-clouds.png)\"><\/div>\r\n\t\t \r\n\t\t<div id=\"ltx-sky-2\" style=\"background-image:url(https:\/\/prosportivo.eu\/wp-content\/uploads\/2019\/02\/slider-bg.jpg)\"><\/div>\r\n\t\t\r\n\t \r\n\t\t<div id=\"ltx-sky-3\" style=\"background-image:url(https:\/\/prosportivo.eu\/wp-content\/uploads\/2019\/02\/slider-sun.png)\"><\/div>\r\n\t\t\r\n\t \r\n\t\t<div id=\"ltx-sky-4\" style=\"background-image:url(https:\/\/prosportivo.eu\/wp-content\/uploads\/2019\/02\/slider-fog.png)\"><\/div>\r\n\t\t\r\n\t \r\n\t\t<div id=\"ltx-wing\" style=\"background-image:url(https:\/\/prosportivo.eu\/wp-content\/uploads\/2019\/02\/slider-wing.png)\"><\/div>\r\n\t\t\r\n<\/div><\/div><\/div><\/div><\/div><div class=\"vc_row-full-width vc_clearfix\"><\/div><section data-vc-full-width=\"true\" data-vc-full-width-init=\"false\" class=\"vc_section text-align-center-md-sm-ms\"><div class=\"vc_row wpb_row vc_row-fluid\"><div class=\"wpb_column vc_column_container vc_col-sm-12\"><div class=\"vc_column-inner\"><div class=\"wpb_wrapper\"><div class=\"es-resp\">\t<div class=\"visible-xl\" style=\"height: 125px;\"><\/div>\t<div class=\"hidden-xl hidden-md hidden-sm hidden-ms hidden-xs\" style=\"height: 125px;\"><\/div>\t<div class=\"visible-md\" style=\"height: 125px;\"><\/div>\t<div class=\"visible-sm\" style=\"height: 125px;\"><\/div>\t<div class=\"visible-ms\" style=\"height: 64px;\"><\/div>\t<div class=\"visible-xs\" style=\"height: 64px;\"><\/div><\/div><\/div><\/div><\/div><\/div><div class=\"vc_row wpb_row vc_row-fluid\"><div class=\"wpb_column vc_column_container vc_col-sm-12 vc_col-lg-6 vc_col-md-12\"><div class=\"vc_column-inner\"><div class=\"wpb_wrapper\"><div class=\"ltx-content-width col-align-left\" id=\"like_sc_content_width_27632547\" style=\"max-width: 480px\"><div class=\"ltx-wrapper\"><div class=\"heading  header-subheader align-left color-black subcolor-main transform-default has-subheader theme-icon-second icon-type-default   vc_custom_1756305974660 heading-tag-h3\" id=\"like_sc_header_2036220334\"><h5 class=\"subheader ltx-sr-id-like_sc_header_203622033442340837 ltx-sr ltx-sr-effect-fade_in ltx-sr-el-block ltx-sr-delay-100 ltx-sr-duration-300 ltx-sr-sequences-50\">Information<\/h5><h3 class=\"header ltx-sr-id-like_sc_header_20362203341094837733 ltx-sr ltx-sr-effect-fade_in ltx-sr-el-block ltx-sr-delay-0 ltx-sr-duration-1000 ltx-sr-sequences-0\">Transport<\/h3><\/div><\/div><\/div><div class=\"ltx-content-width col-align-left\" id=\"like_sc_content_width_1909923896\" style=\"max-width: 630px\"><div class=\"ltx-wrapper\">\n\t<div class=\"wpb_text_column wpb_content_element\" >\n\t\t<div class=\"wpb_wrapper\">\n\t\t\t<p style=\"text-align: left;\">We are proud to present our dedicated transport service designed specifically for airlines, aimed at ensuring smooth and efficient travel between crew bases and airports, between airports themselves, and between different cities.\u2028Regardless of the base location, we offer comprehensive and flexible transport solutions tailored to the individual needs of each airline.<\/p>\n\n\t\t<\/div>\n\t<\/div>\n\n\t<div class=\"wpb_text_column wpb_content_element vc_custom_1756305989809\" >\n\t\t<div class=\"wpb_wrapper\">\n\t\t\t<p style=\"text-align: left;\">If you are looking for a partner who understands the unique transportation challenges of the aviation industry and can deliver personalized solutions \u2014 we are ready to collaborate. Contact us, and our team of specialists will provide you with comprehensive transport services, allowing you to focus on the key aspects of your business.\u2028With us, travel between the base and airport, between airports, or between cities becomes easier, more efficient, and more comfortable for your crew.<\/p>\n\n\t\t<\/div>\n\t<\/div>\n<div class=\"vc_separator wpb_content_element vc_separator_align_center vc_sep_width_100 vc_sep_pos_align_center vc_separator_no_text vc_sep_color_grey wpb_content_element  wpb_content_element\" ><span class=\"vc_sep_holder vc_sep_holder_l\"><span class=\"vc_sep_line\"><\/span><\/span><span class=\"vc_sep_holder vc_sep_holder_r\"><span class=\"vc_sep_line\"><\/span><\/span>\n<\/div><\/div><\/div><div class=\"btn-wrap\"><a href=\"https:\/\/prosportivo.eu\/en\/kontakt\/\"  class=\"btn  btn-main color-hover-default\" id=\"like_sc_button_1211161339\">Contact<\/a><\/div><div class=\"es-resp\">\t<div class=\"visible-xl\" style=\"height: 0px;\"><\/div>\t<div class=\"hidden-xl hidden-md hidden-sm hidden-ms hidden-xs\" style=\"height: 0px;\"><\/div>\t<div class=\"visible-md\" style=\"height: 64px;\"><\/div>\t<div class=\"visible-sm\" style=\"height: 64px;\"><\/div>\t<div class=\"visible-ms\" style=\"height: 0px;\"><\/div>\t<div class=\"visible-xs\" style=\"height: 0px;\"><\/div><\/div><\/div><\/div><\/div><div class=\"wpb_column vc_column_container vc_col-sm-12 vc_col-lg-6 vc_col-md-12\"><div class=\"vc_column-inner\"><div class=\"wpb_wrapper\">\n\t<div  class=\"wpb_single_image wpb_content_element vc_align_center wpb_content_element\">\n\t\t\n\t\t<figure class=\"wpb_wrapper vc_figure\">\n\t\t\t<div class=\"vc_single_image-wrapper   vc_box_border_grey\"><img decoding=\"async\" class=\"vc_single_image-img\" src=\"https:\/\/prosportivo.eu\/wp-content\/uploads\/2025\/05\/28188-600x400.jpg\" width=\"600\" height=\"400\" alt=\"28188\" title=\"28188\" loading=\"lazy\" \/><\/div>\n\t\t<\/figure>\n\t<\/div>\n<\/div><\/div><\/div><\/div><div class=\"vc_row wpb_row vc_row-fluid\"><div class=\"wpb_column vc_column_container vc_col-sm-12\"><div class=\"vc_column-inner\"><div class=\"wpb_wrapper\"><div class=\"es-resp\">\t<div class=\"visible-xl\" style=\"height: 125px;\"><\/div>\t<div class=\"hidden-xl hidden-md hidden-sm hidden-ms hidden-xs\" style=\"height: 125px;\"><\/div>\t<div class=\"visible-md\" style=\"height: 125px;\"><\/div>\t<div class=\"visible-sm\" style=\"height: 125px;\"><\/div>\t<div class=\"visible-ms\" style=\"height: 64px;\"><\/div>\t<div class=\"visible-xs\" style=\"height: 64px;\"><\/div><\/div><\/div><\/div><\/div><\/div><\/section><div class=\"vc_row-full-width vc_clearfix\"><\/div><section data-vc-full-width=\"true\" data-vc-full-width-init=\"false\" class=\"vc_section bg-color-gray\"><div class=\"vc_row wpb_row vc_row-fluid\"><div class=\"wpb_column vc_column_container vc_col-sm-12\"><div class=\"vc_column-inner\"><div class=\"wpb_wrapper\"><div class=\"es-resp\">\t<div class=\"visible-xl\" style=\"height: 32px;\"><\/div>\t<div class=\"hidden-xl hidden-md hidden-sm hidden-ms hidden-xs\" style=\"height: 32px;\"><\/div>\t<div class=\"visible-md\" style=\"height: 32px;\"><\/div>\t<div class=\"visible-sm\" style=\"height: 32px;\"><\/div>\t<div class=\"visible-ms\" style=\"height: 32px;\"><\/div>\t<div class=\"visible-xs\" style=\"height: 32px;\"><\/div><\/div><div class=\"ltx-content-width col-align-center\" id=\"like_sc_content_width_1515306143\" style=\"max-width: 1000px\"><div class=\"ltx-wrapper\"><\/div><\/div><div class=\"es-resp\">\t<div class=\"visible-xl\" style=\"height: 48px;\"><\/div>\t<div class=\"hidden-xl hidden-md hidden-sm hidden-ms hidden-xs\" style=\"height: 48px;\"><\/div>\t<div class=\"visible-md\" style=\"height: 48px;\"><\/div>\t<div class=\"visible-sm\" style=\"height: 48px;\"><\/div>\t<div class=\"visible-ms\" style=\"height: 48px;\"><\/div>\t<div class=\"visible-xs\" style=\"height: 48px;\"><\/div><\/div><\/div><\/div><\/div><\/div><div class=\"vc_row wpb_row vc_row-fluid vc_row-o-equal-height vc_row-flex\"><div class=\"wpb_column vc_column_container vc_col-sm-12 vc_col-lg-6 vc_col-md-12 vc_col-has-fill\"><div class=\"vc_column-inner vc_custom_1551372981399\"><div class=\"wpb_wrapper\"><div class=\"es-resp\">\t<div class=\"visible-xl\" style=\"height: 0px;\"><\/div>\t<div class=\"hidden-xl hidden-md hidden-sm hidden-ms hidden-xs\" style=\"height: 32px;\"><\/div>\t<div class=\"visible-md\" style=\"height: 32px;\"><\/div>\t<div class=\"visible-sm\" style=\"height: 32px;\"><\/div>\t<div class=\"visible-ms\" style=\"height: 32px;\"><\/div>\t<div class=\"visible-xs\" style=\"height: 32px;\"><\/div><\/div><\/div><\/div><\/div><\/div><div class=\"vc_row wpb_row vc_row-fluid\"><div class=\"wpb_column vc_column_container vc_col-sm-12\"><div class=\"vc_column-inner\"><div class=\"wpb_wrapper\"><div class=\"es-resp\">\t<div class=\"visible-xl\" style=\"height: 60px;\"><\/div>\t<div class=\"hidden-xl hidden-md hidden-sm hidden-ms hidden-xs\" style=\"height: 60px;\"><\/div>\t<div class=\"visible-md\" style=\"height: 60px;\"><\/div>\t<div class=\"visible-sm\" style=\"height: 60px;\"><\/div>\t<div class=\"visible-ms\" style=\"height: 32px;\"><\/div>\t<div class=\"visible-xs\" style=\"height: 32px;\"><\/div><\/div><ul class=\"ltx-block-icon  has-descr  icons-count-2 align-center ltx-icon-color-main ltx-icon-type-transparent ltx-bg-color-white layout-cols2 ltx-icon-top  row centered\"  id=\"like_sc_block_icon_974881083\"><li class=\"col-xl-6 col-lg-6 col-md-6 col-sm-12 col-ms-12 col-xs-12\" ><div  data-mh=\"ltx-block-icon-in-1237\" class=\"in matchHeight\"><span class=\"ltx-icon icon-armchair bg-white\" data-mh=\"ltx-icon-span-like_sc_block_icon_974881083\"><\/span> <h6 class=\"header\"> Tailor-made solutions <\/h6> <div class=\"descr\">We design personalized transport routes adapted to the unique requirements of each airline, ensuring maximum flexibility.<\/div><\/div><\/li><li class=\"col-xl-6 col-lg-6 col-md-6 col-sm-12 col-ms-12 col-xs-12\" ><div  data-mh=\"ltx-block-icon-in-1237\" class=\"in matchHeight\"><span class=\"ltx-icon icon-shield bg-white\" data-mh=\"ltx-icon-span-like_sc_block_icon_974881083\"><\/span> <h6 class=\"header\"> Comfort and Safety <\/h6> <div class=\"descr\">Our modern vehicles are equipped with the latest technologies, guaranteeing comfort and safety throughout every journey.<\/div><\/div><\/li><\/ul><ul class=\"ltx-block-icon  has-descr  icons-count-3 align-center ltx-icon-color-main ltx-icon-type-transparent ltx-bg-color-white layout-cols3 ltx-icon-top  row centered\"  id=\"like_sc_block_icon_626628839\"><li class=\"col-lg-4 col-md-4 col-sm-4 col-ms-4 col-xs-12\" ><div  data-mh=\"ltx-block-icon-in-1879\" class=\"in matchHeight\"><span class=\"ltx-icon icon-calendar bg-white\" data-mh=\"ltx-icon-span-like_sc_block_icon_626628839\"><\/span> <h6 class=\"header\"> Route Flexibility <\/h6> <div class=\"descr\">We offer a wide range of routes, including domestic and international transfers between accommodation bases and airports, as well as inter-airport and intercity routes \u2014 all tailored to the operational schedule of the airline.<\/div><\/div><\/li><li class=\"col-lg-4 col-md-4 col-sm-4 col-ms-4 col-xs-12\" ><div  data-mh=\"ltx-block-icon-in-1879\" class=\"in matchHeight\"><span class=\"ltx-icon icon-location bg-white\" data-mh=\"ltx-icon-span-like_sc_block_icon_626628839\"><\/span> <h6 class=\"header\"> Professional Staff <\/h6> <div class=\"descr\">Our team of drivers and vehicle personnel is trained to provide top-level service, while ensuring the highest standards of safety and passenger comfort.<\/div><\/div><\/li><li class=\"col-lg-4 col-md-4 col-sm-4 col-ms-4 col-xs-12\" ><div  data-mh=\"ltx-block-icon-in-1879\" class=\"in matchHeight\"><span class=\"ltx-icon icon-location bg-white\" data-mh=\"ltx-icon-span-like_sc_block_icon_626628839\"><\/span> <h6 class=\"header\"> Modern Fleet <\/h6> <div class=\"descr\">Our fleet consists of next-generation vehicles, meticulously maintained and kept in excellent technical condition, ready to meet any customer requirement.<\/div><\/div><\/li><\/ul><ul class=\"ltx-block-icon  has-descr  icons-count-2 align-center ltx-icon-color-main ltx-icon-type-transparent ltx-bg-color-white layout-cols2 ltx-icon-top  row centered\"  id=\"like_sc_block_icon_229605037\"><li class=\"col-xl-6 col-lg-6 col-md-6 col-sm-12 col-ms-12 col-xs-12\" ><div  data-mh=\"ltx-block-icon-in-1349\" class=\"in matchHeight\"><span class=\"ltx-icon icon-location bg-white\" data-mh=\"ltx-icon-span-like_sc_block_icon_229605037\"><\/span> <h6 class=\"header\"> Tailored Pricing and Conditions <\/h6> <div class=\"descr\">We are ready to adapt our pricing and terms to the specifics of the aviation industry, offering competitive and flexible financial solutions.<\/div><\/div><\/li><li class=\"col-xl-6 col-lg-6 col-md-6 col-sm-12 col-ms-12 col-xs-12\" ><div  data-mh=\"ltx-block-icon-in-1349\" class=\"in matchHeight\"><span class=\"ltx-icon icon-location bg-white\" data-mh=\"ltx-icon-span-like_sc_block_icon_229605037\"><\/span> <h6 class=\"header\"> Timely and Reliable Service <\/h6> <div class=\"descr\">We value our clients\u2019 time, which is why we ensure timely and dependable service, always aligned with the operational plans of the airline.<\/div><\/div><\/li><\/ul><div class=\"es-resp\">\t<div class=\"visible-xl\" style=\"height: 120px;\"><\/div>\t<div class=\"hidden-xl hidden-md hidden-sm hidden-ms hidden-xs\" style=\"height: 120px;\"><\/div>\t<div class=\"visible-md\" style=\"height: 120px;\"><\/div>\t<div class=\"visible-sm\" style=\"height: 120px;\"><\/div>\t<div class=\"visible-ms\" style=\"height: 64px;\"><\/div>\t<div class=\"visible-xs\" style=\"height: 64px;\"><\/div><\/div><\/div><\/div><\/div><\/div><\/section><div class=\"vc_row-full-width vc_clearfix\"><\/div>\n<\/div>","protected":false},"excerpt":{"rendered":"Obs\u0142uga linii lotniczych Dlaczego warto wybra\u0107 nasz\u0105 us\u0142ug\u0119 transportow\u0105 dla linii lotniczych: ZakwaterowanieTransportUs\u0142ugi dodatkoweKontakt InformacjeTransport Z dum\u0105 prezentujemy nasz\u0105 dedykowan\u0105 us\u0142ug\u0119 transportow\u0105, zaprojektowan\u0105 specjalnie dla linii lotniczych, kt\u00f3rej celem jest skuteczne pokonywanie trasy mi\u0119dzy baz\u0105 stacjonowania a lotniskiem, mi\u0119dzy lotniskami oraz mi\u0119dzy r\u00f3\u017cnymi miastami. Niezale\u017cnie od lokalizacji bazy stacjonowania, oferujemy kompleksowe i elastyczne rozwi\u0105zania transportowe, dostosowane do indywidualnych wymaga\u0144 linii lotniczych. Je\u015bli poszukujesz partnera, kt\u00f3ry zrozumie unikalne wyzwania transportowe bran\u017cy lotniczej i dostarczy spersonalizowane rozwi\u0105zania, to jeste\u015bmy gotowi na wsp\u00f3\u0142prac\u0119. Skontaktuj si\u0119 z nami, a nasz zesp\u00f3\u0142 specjalist\u00f3w zapewni Ci kompleksow\u0105 obs\u0142ug\u0119 transportow\u0105, pozwalaj\u0105c\u0105 skoncentrowa\u0107 si\u0119 na kluczowych aspektach Twojego biznesu. Z nami, podr\u00f3\u017ce mi\u0119dzy baz\u0105 a lotniskiem, mi\u0119dzy lotniskami czy mi\u0119dzy miastami staj\u0105 si\u0119 \u0142atwiejsze, efektywniejsze i bardziej komfortowe [...]","protected":false},"author":1,"featured_media":0,"parent":0,"menu_order":0,"comment_status":"closed","ping_status":"closed","template":"page-templates\/full-width.php","meta":{"om_disable_all_campaigns":false,"_monsterinsights_skip_tracking":false,"_monsterinsights_sitenote_active":false,"_monsterinsights_sitenote_note":"","_monsterinsights_sitenote_category":0,"footnotes":""},"class_list":["post-8735","page","type-page","status-publish","hentry"],"aioseo_notices":[],"_links":{"self":[{"href":"https:\/\/prosportivo.eu\/en\/wp-json\/wp\/v2\/pages\/8735","targetHints":{"allow":["GET"]}}],"collection":[{"href":"https:\/\/prosportivo.eu\/en\/wp-json\/wp\/v2\/pages"}],"about":[{"href":"https:\/\/prosportivo.eu\/en\/wp-json\/wp\/v2\/types\/page"}],"author":[{"embeddable":true,"href":"https:\/\/prosportivo.eu\/en\/wp-json\/wp\/v2\/users\/1"}],"replies":[{"embeddable":true,"href":"https:\/\/prosportivo.eu\/en\/wp-json\/wp\/v2\/comments?post=8735"}],"version-history":[{"count":25,"href":"https:\/\/prosportivo.eu\/en\/wp-json\/wp\/v2\/pages\/8735\/revisions"}],"predecessor-version":[{"id":9217,"href":"https:\/\/prosportivo.eu\/en\/wp-json\/wp\/v2\/pages\/8735\/revisions\/9217"}],"wp:attachment":[{"href":"https:\/\/prosportivo.eu\/en\/wp-json\/wp\/v2\/media?parent=8735"}],"curies":[{"name":"wp","href":"https:\/\/api.w.org\/{rel}","templated":true}]}}