{"id":8840,"date":"2025-05-16T13:05:31","date_gmt":"2025-05-16T13:05:31","guid":{"rendered":"https:\/\/prosportivo.eu\/?page_id=8840"},"modified":"2025-08-27T15:36:01","modified_gmt":"2025-08-27T15:36:01","slug":"lokale-uzytkowe","status":"publish","type":"page","link":"https:\/\/prosportivo.eu\/en\/lokale-uzytkowe\/","title":{"rendered":"Commercial premises"},"content":{"rendered":"<div class=\"wpb-content-wrapper\"><div data-vc-full-width=\"true\" data-vc-full-width-init=\"false\" data-vc-stretch-content=\"true\" class=\"vc_row wpb_row vc_row-fluid vc_row-no-padding bg-color-black\"><div class=\"wpb_column vc_column_container vc_col-sm-12 vc_col-has-fill\"><div class=\"vc_column-inner vc_custom_1747400687991\"><div class=\"wpb_wrapper\"><div class=\"slider-zoom  zoom-default  zoom-style-default  zoom-origin-center-center  overlay-dots  bullets-false  zoom-content-effect-fade-top  zoom-margin-top\" id=\"like_sc_zoom_slider_761985575\" data-zs-prev=\"\" data-zs-next=\"\" data-zs-overlay=\"dots\" data-zs-initzoom=\"1.2\" data-zs-speed=\"20000\" data-zs-interval=\"4500\" data-zs-switchspeed=\"7000\" data-zs-arrows=\"true\" data-zs-bullets=\"false\" data-zs-src='[&#34;https:\\\/\\\/prosportivo.eu\\\/wp-content\\\/uploads\\\/2025\\\/05\\\/1783.jpg&#34;]'><div class=\"container ltx-zs-slider-wrapper\"><div class=\"ltx-zs-slider-inner  inited visible  ltx-zs-slide-0\" data-index=\"0\"><div class=\"vc_row wpb_row vc_row-fluid vc_row-o-content-middle vc_row-flex text-align-center\"><div class=\"wpb_column vc_column_container vc_col-sm-12\"><div class=\"vc_column-inner\"><div class=\"wpb_wrapper\"><div class=\"heading  heading-large default align-center color-main subcolor-white transform-header-up icon-type-hidden heading-tag-h1\" id=\"like_sc_header_39237794\"><h1 class=\"header -id-like_sc_header_392377941685543140  -effect-fade_in -el-block -delay-0 -duration-1000 -sequences-0\">Hotels and real estate<\/h1><\/div><div class=\"ltx-content-width col-align-center\" id=\"like_sc_content_width_1760001239\" style=\"max-width: 700px\"><div class=\"ltx-wrapper\">\n\t<div class=\"wpb_text_column wpb_content_element\" >\n\t\t<div class=\"wpb_wrapper\">\n\t\t\t<p style=\"text-align: center;\">Contact us:<\/p>\n\n\t\t<\/div>\n\t<\/div>\n<\/div><\/div><div class=\"es-resp\">\t<div class=\"visible-xl\" style=\"height: 64px;\"><\/div>\t<div class=\"hidden-xl hidden-md hidden-sm hidden-ms hidden-xs\" style=\"height: 64px;\"><\/div>\t<div class=\"visible-md\" style=\"height: 64px;\"><\/div>\t<div class=\"visible-sm\" style=\"height: 64px;\"><\/div>\t<div class=\"visible-ms\" style=\"height: 64px;\"><\/div>\t<div class=\"visible-xs\" style=\"height: 64px;\"><\/div><\/div><div class=\"btn-wrap align-center btn-wrap-inline\"><a href=\"https:\/\/prosportivo.eu\/en\/hotele-i-apartamenty\/\"  class=\"btn  btn-second color-hover-white align-center\" id=\"like_sc_button_878359884\">Hotels and apartments<\/a><\/div><div class=\"btn-wrap align-center btn-wrap-inline\"><a href=\"https:\/\/prosportivo.eu\/en\/lokale-uzytkowe\/\"  class=\"btn  btn-second color-hover-white align-center\" id=\"like_sc_button_1083876664\">Real estate<\/a><\/div><div class=\"btn-wrap align-center btn-wrap-inline\"><a href=\"https:\/\/prosportivo.eu\/en\/kontakt-hotele\/\"  class=\"btn  btn-second color-hover-white align-center\" id=\"like_sc_button_1851477463\">Contact<\/a><\/div><div class=\"es-resp\">\t<div class=\"visible-xl\" style=\"height: 350px;\"><\/div>\t<div class=\"hidden-xl hidden-md hidden-sm hidden-ms hidden-xs\" style=\"height: 350px;\"><\/div>\t<div class=\"visible-md\" style=\"height: 350px;\"><\/div>\t<div class=\"visible-sm\" style=\"height: 200px;\"><\/div>\t<div class=\"visible-ms\" style=\"height: 200px;\"><\/div>\t<div class=\"visible-xs\" style=\"height: 200px;\"><\/div><\/div><\/div><\/div><\/div><\/div><\/div><\/div><\/div><\/div><\/div><\/div><\/div><div class=\"vc_row-full-width vc_clearfix\"><\/div><section data-vc-full-width=\"true\" data-vc-full-width-init=\"false\" class=\"vc_section bg-color-white\"><div class=\"vc_row wpb_row vc_row-fluid\"><div class=\"wpb_column vc_column_container vc_col-sm-12\"><div class=\"vc_column-inner\"><div class=\"wpb_wrapper\"><div class=\"es-resp\">\t<div class=\"visible-xl\" style=\"height: 125px;\"><\/div>\t<div class=\"hidden-xl hidden-md hidden-sm hidden-ms hidden-xs\" style=\"height: 125px;\"><\/div>\t<div class=\"visible-md\" style=\"height: 125px;\"><\/div>\t<div class=\"visible-sm\" style=\"height: 125px;\"><\/div>\t<div class=\"visible-ms\" style=\"height: 64px;\"><\/div>\t<div class=\"visible-xs\" style=\"height: 64px;\"><\/div><\/div><div class=\"ltx-content-width col-align-center\" id=\"like_sc_content_width_316029745\" style=\"max-width: 1000px\"><div class=\"ltx-wrapper\"><\/div><\/div><\/div><\/div><\/div><\/div><div class=\"vc_row wpb_row vc_row-fluid vc_custom_1755930598183 vc_row-o-equal-height vc_row-flex bg-color-white\"><div class=\"wpb_column vc_column_container vc_col-sm-12 vc_col-lg-6 vc_col-md-12 vc_col-has-fill\"><div class=\"vc_column-inner vc_custom_1755930613529\"><div class=\"wpb_wrapper\"><div class=\"heading  header-subheader align-left color-black subcolor-main transform-default has-subheader theme-icon-second icon-type-default heading-tag-h3\" id=\"like_sc_header_857431344\"><h5 class=\"subheader ltx-sr-id-like_sc_header_857431344322448549 ltx-sr ltx-sr-effect-fade_in ltx-sr-el-block ltx-sr-delay-100 ltx-sr-duration-300 ltx-sr-sequences-50\">Information<\/h5><h3 class=\"header ltx-sr-id-like_sc_header_8574313441769791102 ltx-sr ltx-sr-effect-fade_in ltx-sr-el-block ltx-sr-delay-0 ltx-sr-duration-1000 ltx-sr-sequences-0\">Commercial premises and parking spaces<\/h3><\/div>\n\t<div class=\"wpb_text_column wpb_content_element\" >\n\t\t<div class=\"wpb_wrapper\">\n\t\t\t<p>We have commercial premises for rent: in Katowice, a detached building, and in Bytom, a premises located on the ground floor of a building with an elevator, along with a parking space.<\/p>\n<p class=\"p1\">We have parking spaces in Katowice, Bytom and Sosnowiec, providing 40 parking spaces:<\/p>\n\n\t\t<\/div>\n\t<\/div>\n<div class=\"vc_separator wpb_content_element vc_separator_align_center vc_sep_width_100 vc_sep_pos_align_center vc_separator_no_text vc_sep_color_grey wpb_content_element  wpb_content_element\" ><span class=\"vc_sep_holder vc_sep_holder_l\"><span class=\"vc_sep_line\"><\/span><\/span><span class=\"vc_sep_holder vc_sep_holder_r\"><span class=\"vc_sep_line\"><\/span><\/span>\n<\/div><div class=\"btn-wrap\"><a href=\"https:\/\/prosportivo.eu\/en\/kontakt-hotele\/\"  class=\"btn  btn-main color-hover-default\" id=\"like_sc_button_1012711212\">Contact<\/a><\/div><\/div><\/div><\/div><div class=\"wpb_column vc_column_container vc_col-sm-12 vc_col-lg-6 vc_col-md-12\"><div class=\"vc_column-inner\"><div class=\"wpb_wrapper\">\n\t<div  class=\"wpb_single_image wpb_content_element vc_align_left wpb_content_element\">\n\t\t\n\t\t<figure class=\"wpb_wrapper vc_figure\">\n\t\t\t<div class=\"vc_single_image-wrapper   vc_box_border_grey\"><img decoding=\"async\" class=\"vc_single_image-img\" src=\"https:\/\/prosportivo.eu\/wp-content\/uploads\/2025\/06\/medium_x_N_Ep9_Gk_Vjs_Lom_C_Uf_Hd_M7_L_861d889b240a4f87ba56134d325d8bb4_ef8df04225-600x400.webp\" width=\"600\" height=\"400\" alt=\"medium_x_N_Ep9_Gk_Vjs_Lom_C_Uf_Hd_M7_L_861d889b240a4f87ba56134d325d8bb4_ef8df04225\" title=\"medium_x_N_Ep9_Gk_Vjs_Lom_C_Uf_Hd_M7_L_861d889b240a4f87ba56134d325d8bb4_ef8df04225\" loading=\"lazy\" \/><\/div>\n\t\t<\/figure>\n\t<\/div>\n<\/div><\/div><\/div><\/div><div data-vc-full-width=\"true\" data-vc-full-width-init=\"false\" class=\"vc_row wpb_row vc_row-fluid bg-color-gray\"><div class=\"wpb_column vc_column_container vc_col-sm-12\"><div class=\"vc_column-inner\"><div class=\"wpb_wrapper\"><div class=\"es-resp\">\t<div class=\"visible-xl\" style=\"height: 125px;\"><\/div>\t<div class=\"hidden-xl hidden-md hidden-sm hidden-ms hidden-xs\" style=\"height: 125px;\"><\/div>\t<div class=\"visible-md\" style=\"height: 125px;\"><\/div>\t<div class=\"visible-sm\" style=\"height: 125px;\"><\/div>\t<div class=\"visible-ms\" style=\"height: 64px;\"><\/div>\t<div class=\"visible-xs\" style=\"height: 64px;\"><\/div><\/div><ul class=\"ltx-block-icon  has-descr  icons-count-3 align-center ltx-icon-color-main ltx-icon-type-transparent ltx-bg-color-white layout-cols3 ltx-icon-top  row centered\"  id=\"like_sc_block_icon_796318875\"><li class=\"col-lg-4 col-md-4 col-sm-4 col-ms-4 col-xs-12\" ><div  data-mh=\"ltx-block-icon-in-1303\" class=\"in matchHeight\"><span class=\"ltx-icon icon-shield bg-white\" data-mh=\"ltx-icon-span-like_sc_block_icon_796318875\"><\/span> <h5 class=\"header\"> VEHICLE SAFETY <\/h5> <div class=\"descr\">Monitored parking spaces allow for monitoring of parking situation. This allows for quick response to any incidents and property security.<\/div><\/div><\/li><li class=\"col-lg-4 col-md-4 col-sm-4 col-ms-4 col-xs-12\" ><div  data-mh=\"ltx-block-icon-in-1303\" class=\"in matchHeight\"><span class=\"ltx-icon icon-calendar bg-white\" data-mh=\"ltx-icon-span-like_sc_block_icon_796318875\"><\/span> <h5 class=\"header\"> PROPERTY PROTECTION <\/h5> <div class=\"descr\">In our parking lots, we take care not only of the safety of vehicles but also of the property left in them. Furthermore, information boards are placed throughout the parking lot to inform drivers about the parking rules and applicable safety standards.<\/div><\/div><\/li><li class=\"col-lg-4 col-md-4 col-sm-4 col-ms-4 col-xs-12\" ><div  data-mh=\"ltx-block-icon-in-1303\" class=\"in matchHeight\"><span class=\"ltx-icon icon-calendar bg-white\" data-mh=\"ltx-icon-span-like_sc_block_icon_796318875\"><\/span> <h5 class=\"header\"> Professional Service <\/h5> <div class=\"descr\">Our experienced team is ready to provide professional service 24\/7, taking care of every detail and customer need.<\/div><\/div><\/li><\/ul><ul class=\"ltx-block-icon  has-descr  icons-count-2 align-center ltx-icon-color-main ltx-icon-type-transparent ltx-bg-color-white layout-cols2 ltx-icon-top  row centered\"  id=\"like_sc_block_icon_1955772748\"><li class=\"col-xl-6 col-lg-6 col-md-6 col-sm-12 col-ms-12 col-xs-12\" ><div  data-mh=\"ltx-block-icon-in-1586\" class=\"in matchHeight\"><span class=\"ltx-icon icon-shield bg-white\" data-mh=\"ltx-icon-span-like_sc_block_icon_1955772748\"><\/span> <h5 class=\"header\"> COMMERCIAL PREMISES: KATOWICE <\/h5> <div class=\"descr\">We have commercial space for rent in Katowice. It's a detached building with an area of \u200b\u200b44m\u00b2 and a plot area of \u200b\u200b88m\u00b2. It's intended for office, services, practice, and other uses.<\/div><\/div><\/li><li class=\"col-xl-6 col-lg-6 col-md-6 col-sm-12 col-ms-12 col-xs-12\" ><div  data-mh=\"ltx-block-icon-in-1586\" class=\"in matchHeight\"><span class=\"ltx-icon icon-calendar bg-white\" data-mh=\"ltx-icon-span-like_sc_block_icon_1955772748\"><\/span> <h5 class=\"header\"> COMMERCIAL PREMISES: BYTOM <\/h5> <div class=\"descr\">We have a 25m\u00b2 commercial space for rent in Bytom, located on the ground floor of a building with an elevator and a parking space. Suitable for office, services, practice, or other uses.\n\n<\/div><\/div><\/li><\/ul><div class=\"es-resp\">\t<div class=\"visible-xl\" style=\"height: 120px;\"><\/div>\t<div class=\"hidden-xl hidden-md hidden-sm hidden-ms hidden-xs\" style=\"height: 120px;\"><\/div>\t<div class=\"visible-md\" style=\"height: 120px;\"><\/div>\t<div class=\"visible-sm\" style=\"height: 120px;\"><\/div>\t<div class=\"visible-ms\" style=\"height: 64px;\"><\/div>\t<div class=\"visible-xs\" style=\"height: 64px;\"><\/div><\/div><\/div><\/div><\/div><\/div><div class=\"vc_row-full-width vc_clearfix\"><\/div><\/section><div class=\"vc_row-full-width vc_clearfix\"><\/div>\n<\/div>","protected":false},"excerpt":{"rendered":"Hotele i nieruchomo\u015bci Skontaktuj si\u0119 z nami: Hotele i apartamentyNieruchomo\u015bciKontakt","protected":false},"author":1,"featured_media":0,"parent":0,"menu_order":0,"comment_status":"closed","ping_status":"closed","template":"page-templates\/full-width.php","meta":{"om_disable_all_campaigns":false,"_monsterinsights_skip_tracking":false,"_monsterinsights_sitenote_active":false,"_monsterinsights_sitenote_note":"","_monsterinsights_sitenote_category":0,"footnotes":""},"class_list":["post-8840","page","type-page","status-publish","hentry","has-post-thumbnail"],"aioseo_notices":[],"_links":{"self":[{"href":"https:\/\/prosportivo.eu\/en\/wp-json\/wp\/v2\/pages\/8840","targetHints":{"allow":["GET"]}}],"collection":[{"href":"https:\/\/prosportivo.eu\/en\/wp-json\/wp\/v2\/pages"}],"about":[{"href":"https:\/\/prosportivo.eu\/en\/wp-json\/wp\/v2\/types\/page"}],"author":[{"embeddable":true,"href":"https:\/\/prosportivo.eu\/en\/wp-json\/wp\/v2\/users\/1"}],"replies":[{"embeddable":true,"href":"https:\/\/prosportivo.eu\/en\/wp-json\/wp\/v2\/comments?post=8840"}],"version-history":[{"count":22,"href":"https:\/\/prosportivo.eu\/en\/wp-json\/wp\/v2\/pages\/8840\/revisions"}],"predecessor-version":[{"id":9227,"href":"https:\/\/prosportivo.eu\/en\/wp-json\/wp\/v2\/pages\/8840\/revisions\/9227"}],"wp:attachment":[{"href":"https:\/\/prosportivo.eu\/en\/wp-json\/wp\/v2\/media?parent=8840"}],"curies":[{"name":"wp","href":"https:\/\/api.w.org\/{rel}","templated":true}]}}