{"id":7925,"date":"2019-01-30T20:21:33","date_gmt":"2019-01-30T20:21:33","guid":{"rendered":"https:\/\/prosportivo.eu\/?page_id=7925"},"modified":"2025-08-23T06:54:43","modified_gmt":"2025-08-23T06:54:43","slug":"start","status":"publish","type":"page","link":"https:\/\/prosportivo.eu\/uk\/","title":{"rendered":"\u0441\u0442\u0430\u0440\u0442"},"content":{"rendered":"<div class=\"wpb-content-wrapper\"><section data-vc-full-width=\"true\" data-vc-full-width-init=\"false\" class=\"vc_section vc_custom_1551308932268 vc_section-has-fill bg-color-black bg-pos-right-top\"><div class=\"vc_row wpb_row vc_row-fluid text-align-center-sm-ms\"><div class=\"wpb_column vc_column_container vc_col-sm-12\"><div class=\"vc_column-inner\"><div class=\"wpb_wrapper\"><div class=\"es-resp\">\t<div class=\"visible-xl\" style=\"height: 88px;\"><\/div>\t<div class=\"hidden-xl hidden-md hidden-sm hidden-ms hidden-xs\" style=\"height: 88px;\"><\/div>\t<div class=\"visible-md\" style=\"height: 88px;\"><\/div>\t<div class=\"visible-sm\" style=\"height: 88px;\"><\/div>\t<div class=\"visible-ms\" style=\"height: 32px;\"><\/div>\t<div class=\"visible-xs\" style=\"height: 32px;\"><\/div><\/div><div class=\"es-resp\">\t<div class=\"visible-xl\" style=\"height: 32px;\"><\/div>\t<div class=\"hidden-xl hidden-md hidden-sm hidden-ms hidden-xs\" style=\"height: 32px;\"><\/div>\t<div class=\"visible-md\" style=\"height: 32px;\"><\/div>\t<div class=\"visible-sm\" style=\"height: 32px;\"><\/div>\t<div class=\"visible-ms\" style=\"height: 32px;\"><\/div>\t<div class=\"visible-xs\" style=\"height: 32px;\"><\/div><\/div><\/div><\/div><\/div><\/div><div class=\"vc_row wpb_row vc_row-fluid vc_custom_1748249943530 vc_column-gap-20 vc_row-o-equal-height vc_row-o-content-middle vc_row-flex\"><div class=\"wpb_animate_when_almost_visible wpb_bounceInLeft bounceInLeft wpb_column vc_column_container vc_col-sm-6 vc_col-has-fill text-align-center\"><div class=\"vc_column-inner vc_custom_1747394659105\"><div class=\"wpb_wrapper\"><div class=\"es-resp\">\t<div class=\"visible-xl\" style=\"height: 94px;\"><\/div>\t<div class=\"hidden-xl hidden-md hidden-sm hidden-ms hidden-xs\" style=\"height: 94px;\"><\/div>\t<div class=\"visible-md\" style=\"height: 94px;\"><\/div>\t<div class=\"visible-sm\" style=\"height: 94px;\"><\/div>\t<div class=\"visible-ms\" style=\"height: 94px;\"><\/div>\t<div class=\"visible-xs\" style=\"height: 94px;\"><\/div><\/div><div class=\"heading  header-subheader align-left color-white subcolor-main transform-default theme-icon-second icon-type-default   vc_custom_1747768928725 heading-tag-h3\" id=\"like_sc_header_1111968102\"><h3 class=\"header ltx-sr-id-like_sc_header_11119681021184035961 ltx-sr ltx-sr-effect-fade_in ltx-sr-el-block ltx-sr-delay-0 ltx-sr-duration-1000 ltx-sr-sequences-0\">\u041e\u0431\u0441\u043b\u0443\u0433\u043e\u0432\u0443\u0432\u0430\u043d\u043d\u044f \u0430\u0432\u0456\u0430\u043a\u043e\u043c\u043f\u0430\u043d\u0456\u0457<\/h3><\/div><div class=\"es-resp\">\t<div class=\"visible-xl\" style=\"height: 32px;\"><\/div>\t<div class=\"hidden-xl hidden-md hidden-sm hidden-ms hidden-xs\" style=\"height: 32px;\"><\/div>\t<div class=\"visible-md\" style=\"height: 32px;\"><\/div>\t<div class=\"visible-sm\" style=\"height: 32px;\"><\/div>\t<div class=\"visible-ms\" style=\"height: 32px;\"><\/div>\t<div class=\"visible-xs\" style=\"height: 32px;\"><\/div><\/div><div class=\"btn-wrap\"><a href=\"https:\/\/prosportivo.eu\/uk\/obsluga-linii-lotniczych\/\"  class=\"btn  btn-second color-hover-white   vc_custom_1747395214977\" id=\"like_sc_button_1385271941\">\u0427\u0438\u0442\u0430\u0442\u0438 \u0434\u0430\u043b\u0456<\/a><\/div><div class=\"es-resp\">\t<div class=\"visible-xl\" style=\"height: 78px;\"><\/div>\t<div class=\"hidden-xl hidden-md hidden-sm hidden-ms hidden-xs\" style=\"height: 78px;\"><\/div>\t<div class=\"visible-md\" style=\"height: 78px;\"><\/div>\t<div class=\"visible-sm\" style=\"height: 78px;\"><\/div>\t<div class=\"visible-ms\" style=\"height: 78px;\"><\/div>\t<div class=\"visible-xs\" style=\"height: 78px;\"><\/div><\/div><\/div><\/div><\/div><div class=\"wpb_animate_when_almost_visible wpb_bounceInLeft bounceInLeft wpb_column vc_column_container vc_col-sm-6 vc_col-has-fill text-align-center\"><div class=\"vc_column-inner vc_custom_1747395074886\"><div class=\"wpb_wrapper\"><div class=\"es-resp\">\t<div class=\"visible-xl\" style=\"height: 94px;\"><\/div>\t<div class=\"hidden-xl hidden-md hidden-sm hidden-ms hidden-xs\" style=\"height: 94px;\"><\/div>\t<div class=\"visible-md\" style=\"height: 94px;\"><\/div>\t<div class=\"visible-sm\" style=\"height: 94px;\"><\/div>\t<div class=\"visible-ms\" style=\"height: 94px;\"><\/div>\t<div class=\"visible-xs\" style=\"height: 94px;\"><\/div><\/div><div class=\"heading  header-subheader align-left color-white subcolor-main transform-default theme-icon-second icon-type-default   vc_custom_1747768939933 heading-tag-h3\" id=\"like_sc_header_40693168\"><h3 class=\"header ltx-sr-id-like_sc_header_406931681060984437 ltx-sr ltx-sr-effect-fade_in ltx-sr-el-block ltx-sr-delay-0 ltx-sr-duration-1000 ltx-sr-sequences-0\">\u0422\u0440\u0430\u043d\u0441\u043f\u043e\u0440\u0442 \u0456 \u043b\u043e\u0433\u0456\u0441\u0442\u0438\u043a\u0430<\/h3><\/div><div class=\"es-resp\">\t<div class=\"visible-xl\" style=\"height: 32px;\"><\/div>\t<div class=\"hidden-xl hidden-md hidden-sm hidden-ms hidden-xs\" style=\"height: 32px;\"><\/div>\t<div class=\"visible-md\" style=\"height: 32px;\"><\/div>\t<div class=\"visible-sm\" style=\"height: 32px;\"><\/div>\t<div class=\"visible-ms\" style=\"height: 32px;\"><\/div>\t<div class=\"visible-xs\" style=\"height: 32px;\"><\/div><\/div><div class=\"btn-wrap\"><a href=\"https:\/\/prosportivo.eu\/uk\/transport-informacje\/\"  class=\"btn  btn-second color-hover-white   vc_custom_1747396831343\" id=\"like_sc_button_1274134357\">\u0427\u0438\u0442\u0430\u0442\u0438 \u0434\u0430\u043b\u0456<\/a><\/div><div class=\"es-resp\">\t<div class=\"visible-xl\" style=\"height: 78px;\"><\/div>\t<div class=\"hidden-xl hidden-md hidden-sm hidden-ms hidden-xs\" style=\"height: 78px;\"><\/div>\t<div class=\"visible-md\" style=\"height: 78px;\"><\/div>\t<div class=\"visible-sm\" style=\"height: 78px;\"><\/div>\t<div class=\"visible-ms\" style=\"height: 78px;\"><\/div>\t<div class=\"visible-xs\" style=\"height: 78px;\"><\/div><\/div><\/div><\/div><\/div><\/div><div class=\"vc_row wpb_row vc_row-fluid vc_custom_1755931951831 vc_column-gap-20 vc_row-o-equal-height vc_row-o-content-middle vc_row-flex\"><div class=\"wpb_column vc_column_container vc_col-sm-3\"><div class=\"vc_column-inner\"><div class=\"wpb_wrapper\"><\/div><\/div><\/div><div class=\"wpb_animate_when_almost_visible wpb_bounceInRight bounceInRight wpb_column vc_column_container vc_col-sm-6 vc_col-has-fill text-align-center\"><div class=\"vc_column-inner vc_custom_1755932067591\"><div class=\"wpb_wrapper\"><div class=\"es-resp\">\t<div class=\"visible-xl\" style=\"height: 94px;\"><\/div>\t<div class=\"hidden-xl hidden-md hidden-sm hidden-ms hidden-xs\" style=\"height: 94px;\"><\/div>\t<div class=\"visible-md\" style=\"height: 94px;\"><\/div>\t<div class=\"visible-sm\" style=\"height: 94px;\"><\/div>\t<div class=\"visible-ms\" style=\"height: 94px;\"><\/div>\t<div class=\"visible-xs\" style=\"height: 94px;\"><\/div><\/div><div class=\"heading  header-subheader align-left color-white subcolor-main transform-default theme-icon-second icon-type-default   vc_custom_1747768943749 heading-tag-h3\" id=\"like_sc_header_1434938026\"><h3 class=\"header ltx-sr-id-like_sc_header_14349380261552689802 ltx-sr ltx-sr-effect-fade_in ltx-sr-el-block ltx-sr-delay-0 ltx-sr-duration-1000 ltx-sr-sequences-0\">\u0413\u043e\u0442\u0435\u043b\u0456 \u0442\u0430 \u043d\u0435\u0440\u0443\u0445\u043e\u043c\u0456\u0441\u0442\u044c<\/h3><\/div><div class=\"es-resp\">\t<div class=\"visible-xl\" style=\"height: 32px;\"><\/div>\t<div class=\"hidden-xl hidden-md hidden-sm hidden-ms hidden-xs\" style=\"height: 32px;\"><\/div>\t<div class=\"visible-md\" style=\"height: 32px;\"><\/div>\t<div class=\"visible-sm\" style=\"height: 32px;\"><\/div>\t<div class=\"visible-ms\" style=\"height: 32px;\"><\/div>\t<div class=\"visible-xs\" style=\"height: 32px;\"><\/div><\/div><div class=\"btn-wrap\"><a href=\"https:\/\/prosportivo.eu\/uk\/hotele-i-nieruchomosci\/\"  class=\"btn  btn-second color-hover-white   vc_custom_1747397786233\" id=\"like_sc_button_286961155\">\u0427\u0438\u0442\u0430\u0442\u0438 \u0434\u0430\u043b\u0456<\/a><\/div><div class=\"es-resp\">\t<div class=\"visible-xl\" style=\"height: 78px;\"><\/div>\t<div class=\"hidden-xl hidden-md hidden-sm hidden-ms hidden-xs\" style=\"height: 78px;\"><\/div>\t<div class=\"visible-md\" style=\"height: 78px;\"><\/div>\t<div class=\"visible-sm\" style=\"height: 78px;\"><\/div>\t<div class=\"visible-ms\" style=\"height: 78px;\"><\/div>\t<div class=\"visible-xs\" style=\"height: 78px;\"><\/div><\/div><\/div><\/div><\/div><div class=\"wpb_column vc_column_container vc_col-sm-3\"><div class=\"vc_column-inner\"><div class=\"wpb_wrapper\"><\/div><\/div><\/div><\/div><div class=\"vc_row wpb_row vc_row-fluid\"><div class=\"wpb_column vc_column_container vc_col-sm-12\"><div class=\"vc_column-inner\"><div class=\"wpb_wrapper\"><div class=\"es-resp\">\t<div class=\"visible-xl\" style=\"height: 66px;\"><\/div>\t<div class=\"hidden-xl hidden-md hidden-sm hidden-ms hidden-xs\" style=\"height: 66px;\"><\/div>\t<div class=\"visible-md\" style=\"height: 66px;\"><\/div>\t<div class=\"visible-sm\" style=\"height: 66px;\"><\/div>\t<div class=\"visible-ms\" style=\"height: 66px;\"><\/div>\t<div class=\"visible-xs\" style=\"height: 66px;\"><\/div><\/div><\/div><\/div><\/div><\/div><\/section><div class=\"vc_row-full-width vc_clearfix\"><\/div>\n<\/div>","protected":false},"excerpt":{"rendered":"Obs\u0142uga linii lotniczych Czytaj wi\u0119cej Transport i logistyka Czytaj wi\u0119cej Hotele i nieruchomo\u015bci Czytaj wi\u0119cej","protected":false},"author":1,"featured_media":0,"parent":0,"menu_order":0,"comment_status":"closed","ping_status":"closed","template":"page-templates\/full-width.php","meta":{"om_disable_all_campaigns":false,"_monsterinsights_skip_tracking":false,"_monsterinsights_sitenote_active":false,"_monsterinsights_sitenote_note":"","_monsterinsights_sitenote_category":0,"footnotes":""},"class_list":["post-7925","page","type-page","status-publish","hentry"],"aioseo_notices":[],"_links":{"self":[{"href":"https:\/\/prosportivo.eu\/uk\/wp-json\/wp\/v2\/pages\/7925","targetHints":{"allow":["GET"]}}],"collection":[{"href":"https:\/\/prosportivo.eu\/uk\/wp-json\/wp\/v2\/pages"}],"about":[{"href":"https:\/\/prosportivo.eu\/uk\/wp-json\/wp\/v2\/types\/page"}],"author":[{"embeddable":true,"href":"https:\/\/prosportivo.eu\/uk\/wp-json\/wp\/v2\/users\/1"}],"replies":[{"embeddable":true,"href":"https:\/\/prosportivo.eu\/uk\/wp-json\/wp\/v2\/comments?post=7925"}],"version-history":[{"count":95,"href":"https:\/\/prosportivo.eu\/uk\/wp-json\/wp\/v2\/pages\/7925\/revisions"}],"predecessor-version":[{"id":9182,"href":"https:\/\/prosportivo.eu\/uk\/wp-json\/wp\/v2\/pages\/7925\/revisions\/9182"}],"wp:attachment":[{"href":"https:\/\/prosportivo.eu\/uk\/wp-json\/wp\/v2\/media?parent=7925"}],"curies":[{"name":"wp","href":"https:\/\/api.w.org\/{rel}","templated":true}]}}