{"id":8709,"date":"2025-05-16T10:35:35","date_gmt":"2025-05-16T10:35:35","guid":{"rendered":"https:\/\/prosportivo.eu\/?page_id=8709"},"modified":"2025-08-27T14:44:57","modified_gmt":"2025-08-27T14:44:57","slug":"zakwaterowanie","status":"publish","type":"page","link":"https:\/\/prosportivo.eu\/uk\/zakwaterowanie\/","title":{"rendered":"\u041f\u0440\u043e\u0436\u0438\u0432\u0430\u043d\u043d\u044f"},"content":{"rendered":"<div class=\"wpb-content-wrapper\"><div data-vc-full-width=\"true\" data-vc-full-width-init=\"false\" data-vc-stretch-content=\"true\" class=\"vc_row wpb_row vc_row-fluid vc_row-no-padding text-align-center\"><div class=\"wpb_column vc_column_container vc_col-sm-12\"><div class=\"vc_column-inner\"><div class=\"wpb_wrapper\"><div class=\"ltx-sky-slider\" id=\" id=&quot;like_sc_parallax_slider_1435862350&quot;\">\r\n\t<div class=\"ltx-slider-inner\"><div class=\"es-resp\">\t<div class=\"visible-xl\" style=\"height: 196px;\"><\/div>\t<div class=\"hidden-xl hidden-md hidden-sm hidden-ms hidden-xs\" style=\"height: 196px;\"><\/div>\t<div class=\"visible-md\" style=\"height: 196px;\"><\/div>\t<div class=\"visible-sm\" style=\"height: 196px;\"><\/div>\t<div class=\"visible-ms\" style=\"height: 196px;\"><\/div>\t<div class=\"visible-xs\" style=\"height: 196px;\"><\/div><\/div><div class=\"heading  heading-large default align-center color-second subcolor-black transform-header-up icon-type-hidden heading-tag-h1\" id=\"like_sc_header_348255300\"><h1 class=\"header ltx-sr-id-like_sc_header_3482553001625971275 ltx-sr ltx-sr-effect-fade_in ltx-sr-el-block ltx-sr-delay-0 ltx-sr-duration-1000 ltx-sr-sequences-0\">\u041e\u0431\u0441\u043b\u0443\u0433\u043e\u0432\u0443\u0432\u0430\u043d\u043d\u044f \u0430\u0432\u0456\u0430\u043a\u043e\u043c\u043f\u0430\u043d\u0456\u0457<\/h1><\/div><div class=\"ltx-content-width col-align-center\" id=\"like_sc_content_width_330741262\" style=\"max-width: 700px\"><div class=\"ltx-wrapper\">\n\t<div class=\"wpb_text_column wpb_content_element\" >\n\t\t<div class=\"wpb_wrapper\">\n\t\t\t<p style=\"text-align: center;\">\u0427\u043e\u043c\u0443 \u0432\u0430\u0440\u0442\u043e \u043e\u0431\u0440\u0430\u0442\u0438 \u043d\u0430\u0448\u0443 \u0430\u0432\u0456\u0430\u0431\u0430\u0437\u0443 \u0440\u043e\u0437\u043c\u0456\u0449\u0435\u043d\u043d\u044f:<\/p>\n\n\t\t<\/div>\n\t<\/div>\n<\/div><\/div><div class=\"es-resp\">\t<div class=\"visible-xl\" style=\"height: 96px;\"><\/div>\t<div class=\"hidden-xl hidden-md hidden-sm hidden-ms hidden-xs\" style=\"height: 96px;\"><\/div>\t<div class=\"visible-md\" style=\"height: 96px;\"><\/div>\t<div class=\"visible-sm\" style=\"height: 96px;\"><\/div>\t<div class=\"visible-ms\" style=\"height: 96px;\"><\/div>\t<div class=\"visible-xs\" style=\"height: 96px;\"><\/div><\/div><div class=\"btn-wrap align-center btn-wrap-inline\"><a href=\"https:\/\/prosportivo.eu\/uk\/zakwaterowanie\/\"  class=\"btn  btn-second color-hover-white align-center\" id=\"like_sc_button_1628346724\">\u041f\u0440\u043e\u0436\u0438\u0432\u0430\u043d\u043d\u044f<\/a><\/div><div class=\"btn-wrap align-center btn-wrap-inline\"><a href=\"https:\/\/prosportivo.eu\/uk\/transport\/\"  class=\"btn  btn-second color-hover-white align-center\" id=\"like_sc_button_943376688\">\u0422\u0440\u0430\u043d\u0441\u043f\u043e\u0440\u0442<\/a><\/div><div class=\"btn-wrap align-center btn-wrap-inline\"><a href=\"https:\/\/prosportivo.eu\/uk\/uslugi-dodatkowe\/\"  class=\"btn  btn-second color-hover-white align-center\" id=\"like_sc_button_274524886\">\u0414\u043e\u0434\u0430\u0442\u043a\u043e\u0432\u0456 \u043f\u043e\u0441\u043b\u0443\u0433\u0438<\/a><\/div><div class=\"btn-wrap align-center btn-wrap-inline\"><a href=\"https:\/\/prosportivo.eu\/uk\/kontakt\/\"  class=\"btn  btn-second color-hover-white align-center\" id=\"like_sc_button_757435547\">\u043a\u043e\u043d\u0442\u0430\u043a\u0442<\/a><\/div><div class=\"es-resp\">\t<div class=\"visible-xl\" style=\"height: 350px;\"><\/div>\t<div class=\"hidden-xl hidden-md hidden-sm hidden-ms hidden-xs\" style=\"height: 350px;\"><\/div>\t<div class=\"visible-md\" style=\"height: 350px;\"><\/div>\t<div class=\"visible-sm\" style=\"height: 350px;\"><\/div>\t<div class=\"visible-ms\" style=\"height: 350px;\"><\/div>\t<div class=\"visible-xs\" style=\"height: 350px;\"><\/div><\/div><\/div>\r\n\r\n\t \r\n\t\t<div id=\"ltx-sky-1\" style=\"background-image:url(https:\/\/prosportivo.eu\/wp-content\/uploads\/2019\/02\/slider-clouds.png)\"><\/div>\r\n\t\t \r\n\t\t<div id=\"ltx-sky-2\" style=\"background-image:url(https:\/\/prosportivo.eu\/wp-content\/uploads\/2019\/02\/slider-bg.jpg)\"><\/div>\r\n\t\t\r\n\t \r\n\t\t<div id=\"ltx-sky-3\" style=\"background-image:url(https:\/\/prosportivo.eu\/wp-content\/uploads\/2019\/02\/slider-sun.png)\"><\/div>\r\n\t\t\r\n\t \r\n\t\t<div id=\"ltx-sky-4\" style=\"background-image:url(https:\/\/prosportivo.eu\/wp-content\/uploads\/2019\/02\/slider-fog.png)\"><\/div>\r\n\t\t\r\n\t \r\n\t\t<div id=\"ltx-wing\" style=\"background-image:url(https:\/\/prosportivo.eu\/wp-content\/uploads\/2019\/02\/slider-wing.png)\"><\/div>\r\n\t\t\r\n<\/div><\/div><\/div><\/div><\/div><div class=\"vc_row-full-width vc_clearfix\"><\/div><section data-vc-full-width=\"true\" data-vc-full-width-init=\"false\" class=\"vc_section text-align-center-md-sm-ms\"><div class=\"vc_row wpb_row vc_row-fluid\"><div class=\"wpb_column vc_column_container vc_col-sm-12\"><div class=\"vc_column-inner\"><div class=\"wpb_wrapper\"><div class=\"es-resp\">\t<div class=\"visible-xl\" style=\"height: 125px;\"><\/div>\t<div class=\"hidden-xl hidden-md hidden-sm hidden-ms hidden-xs\" style=\"height: 125px;\"><\/div>\t<div class=\"visible-md\" style=\"height: 125px;\"><\/div>\t<div class=\"visible-sm\" style=\"height: 125px;\"><\/div>\t<div class=\"visible-ms\" style=\"height: 64px;\"><\/div>\t<div class=\"visible-xs\" style=\"height: 64px;\"><\/div><\/div><\/div><\/div><\/div><\/div><div class=\"vc_row wpb_row vc_row-fluid\"><div class=\"wpb_column vc_column_container vc_col-sm-12 vc_col-lg-6 vc_col-md-12\"><div class=\"vc_column-inner\"><div class=\"wpb_wrapper\"><div class=\"ltx-content-width col-align-left\" id=\"like_sc_content_width_1405196664\" style=\"max-width: 480px\"><div class=\"ltx-wrapper\"><div class=\"heading  header-subheader align-left color-black subcolor-main transform-default has-subheader theme-icon-second icon-type-default   vc_custom_1756305887543 heading-tag-h3\" id=\"like_sc_header_1878778726\"><h5 class=\"subheader ltx-sr-id-like_sc_header_1878778726379493990 ltx-sr ltx-sr-effect-fade_in ltx-sr-el-block ltx-sr-delay-100 ltx-sr-duration-300 ltx-sr-sequences-50\">\u0406\u043d\u0444\u043e\u0440\u043c\u0430\u0446\u0456\u044f<\/h5><h3 class=\"header ltx-sr-id-like_sc_header_18787787261705568983 ltx-sr ltx-sr-effect-fade_in ltx-sr-el-block ltx-sr-delay-0 ltx-sr-duration-1000 ltx-sr-sequences-0\">\u041f\u0440\u043e\u0436\u0438\u0432\u0430\u043d\u043d\u044f<\/h3><\/div><\/div><\/div><div class=\"ltx-content-width col-align-left\" id=\"like_sc_content_width_902870282\" style=\"max-width: 630px\"><div class=\"ltx-wrapper\">\n\t<div class=\"wpb_text_column wpb_content_element\" >\n\t\t<div class=\"wpb_wrapper\">\n\t\t\t<p style=\"text-align: left;\">\u041c\u0438 \u0440\u0430\u0434\u0456 \u043f\u0440\u0435\u0434\u0441\u0442\u0430\u0432\u0438\u0442\u0438 \u043d\u0430\u0448\u0443 \u0432\u0443\u0437\u044c\u043a\u043e\u0441\u043f\u0435\u0446\u0456\u0430\u043b\u0456\u0437\u043e\u0432\u0430\u043d\u0443 \u043f\u043e\u0441\u043b\u0443\u0433\u0443 \u0440\u043e\u0437\u043c\u0456\u0449\u0435\u043d\u043d\u044f, \u043f\u0440\u0438\u0441\u0432\u044f\u0447\u0435\u043d\u0443 \u0430\u0432\u0456\u0430\u043a\u043e\u043c\u043f\u0430\u043d\u0456\u044f\u043c \u0443 \u0412\u0435\u0440\u0445\u043d\u0456\u0439 \u0421\u0456\u043b\u0435\u0437\u0456\u0457, \u0434\u0435 \u0440\u043e\u0437\u0442\u0430\u0448\u043e\u0432\u0430\u043d\u0438\u0439 \u0430\u0435\u0440\u043e\u043f\u043e\u0440\u0442 \u0443 \u041f\u0438\u0436\u043e\u0432\u0456\u0446\u0435, \u0442\u0430 \u0443 \u0412\u0430\u0440\u0448\u0430\u0432\u0456 \u043f\u043e\u0431\u043b\u0438\u0437\u0443 \u0430\u0435\u0440\u043e\u043f\u043e\u0440\u0442\u0443 \u0456\u043c\u0435\u043d\u0456 \u0428\u043e\u043f\u0435\u043d\u0430. \u041c\u0438 \u0433\u043e\u0442\u043e\u0432\u0456 \u0437\u0430\u043f\u0440\u043e\u043f\u043e\u043d\u0443\u0432\u0430\u0442\u0438 \u043a\u043e\u043c\u043f\u043b\u0435\u043a\u0441\u043d\u0456 \u0442\u0430 \u0433\u043d\u0443\u0447\u043a\u0456 \u0440\u0456\u0448\u0435\u043d\u043d\u044f, \u0430\u0434\u0430\u043f\u0442\u043e\u0432\u0430\u043d\u0456 \u0434\u043e \u0456\u043d\u0434\u0438\u0432\u0456\u0434\u0443\u0430\u043b\u044c\u043d\u0438\u0445 \u043f\u043e\u0442\u0440\u0435\u0431 \u043f\u0440\u043e\u0436\u0438\u0432\u0430\u043d\u043d\u044f.<\/p>\n\n\t\t<\/div>\n\t<\/div>\n<div class=\"vc_separator wpb_content_element vc_separator_align_center vc_sep_width_100 vc_sep_pos_align_center vc_separator_no_text vc_sep_color_grey wpb_content_element  wpb_content_element\" ><span class=\"vc_sep_holder vc_sep_holder_l\"><span class=\"vc_sep_line\"><\/span><\/span><span class=\"vc_sep_holder vc_sep_holder_r\"><span class=\"vc_sep_line\"><\/span><\/span>\n<\/div><\/div><\/div><div class=\"btn-wrap\"><a href=\"https:\/\/prosportivo.eu\/uk\/kontakt\/\"  class=\"btn  btn-main color-hover-default\" id=\"like_sc_button_2059671363\">\u043a\u043e\u043d\u0442\u0430\u043a\u0442<\/a><\/div><div class=\"es-resp\">\t<div class=\"visible-xl\" style=\"height: 0px;\"><\/div>\t<div class=\"hidden-xl hidden-md hidden-sm hidden-ms hidden-xs\" style=\"height: 0px;\"><\/div>\t<div class=\"visible-md\" style=\"height: 64px;\"><\/div>\t<div class=\"visible-sm\" style=\"height: 64px;\"><\/div>\t<div class=\"visible-ms\" style=\"height: 0px;\"><\/div>\t<div class=\"visible-xs\" style=\"height: 0px;\"><\/div><\/div><\/div><\/div><\/div><div class=\"wpb_column vc_column_container vc_col-sm-12 vc_col-lg-6 vc_col-md-12\"><div class=\"vc_column-inner\"><div class=\"wpb_wrapper\">\n\t<div  class=\"wpb_single_image wpb_content_element vc_align_center wpb_content_element\">\n\t\t\n\t\t<figure class=\"wpb_wrapper vc_figure\">\n\t\t\t<div class=\"vc_single_image-wrapper   vc_box_border_grey\"><img decoding=\"async\" class=\"vc_single_image-img\" src=\"https:\/\/prosportivo.eu\/wp-content\/uploads\/2025\/06\/ggg-600x400.jpg\" width=\"600\" height=\"400\" alt=\"Luxury hotel suite, modern design, comfortable bed, bright blue room generated by artificial intelligence\" title=\"Luxury hotel suite, modern design, comfortable bed, bright blue room generated by AI\" loading=\"lazy\" \/><\/div>\n\t\t<\/figure>\n\t<\/div>\n<\/div><\/div><\/div><\/div><div class=\"vc_row wpb_row vc_row-fluid\"><div class=\"wpb_column vc_column_container vc_col-sm-12\"><div class=\"vc_column-inner\"><div class=\"wpb_wrapper\"><div class=\"es-resp\">\t<div class=\"visible-xl\" style=\"height: 125px;\"><\/div>\t<div class=\"hidden-xl hidden-md hidden-sm hidden-ms hidden-xs\" style=\"height: 125px;\"><\/div>\t<div class=\"visible-md\" style=\"height: 125px;\"><\/div>\t<div class=\"visible-sm\" style=\"height: 125px;\"><\/div>\t<div class=\"visible-ms\" style=\"height: 64px;\"><\/div>\t<div class=\"visible-xs\" style=\"height: 64px;\"><\/div><\/div><\/div><\/div><\/div><\/div><\/section><div class=\"vc_row-full-width vc_clearfix\"><\/div><section data-vc-full-width=\"true\" data-vc-full-width-init=\"false\" class=\"vc_section bg-color-gray\"><div class=\"vc_row wpb_row vc_row-fluid\"><div class=\"wpb_column vc_column_container vc_col-sm-12\"><div class=\"vc_column-inner\"><div class=\"wpb_wrapper\"><div class=\"es-resp\">\t<div class=\"visible-xl\" style=\"height: 32px;\"><\/div>\t<div class=\"hidden-xl hidden-md hidden-sm hidden-ms hidden-xs\" style=\"height: 32px;\"><\/div>\t<div class=\"visible-md\" style=\"height: 32px;\"><\/div>\t<div class=\"visible-sm\" style=\"height: 32px;\"><\/div>\t<div class=\"visible-ms\" style=\"height: 32px;\"><\/div>\t<div class=\"visible-xs\" style=\"height: 32px;\"><\/div><\/div><div class=\"ltx-content-width col-align-center\" id=\"like_sc_content_width_655358254\" style=\"max-width: 1000px\"><div class=\"ltx-wrapper\"><\/div><\/div><div class=\"es-resp\">\t<div class=\"visible-xl\" style=\"height: 48px;\"><\/div>\t<div class=\"hidden-xl hidden-md hidden-sm hidden-ms hidden-xs\" style=\"height: 48px;\"><\/div>\t<div class=\"visible-md\" style=\"height: 48px;\"><\/div>\t<div class=\"visible-sm\" style=\"height: 48px;\"><\/div>\t<div class=\"visible-ms\" style=\"height: 48px;\"><\/div>\t<div class=\"visible-xs\" style=\"height: 48px;\"><\/div><\/div><\/div><\/div><\/div><\/div><div class=\"vc_row wpb_row vc_row-fluid vc_row-o-equal-height vc_row-flex\"><div class=\"wpb_column vc_column_container vc_col-sm-12 vc_col-lg-6 vc_col-md-12 vc_col-has-fill\"><div class=\"vc_column-inner vc_custom_1551372981399\"><div class=\"wpb_wrapper\"><div class=\"es-resp\">\t<div class=\"visible-xl\" style=\"height: 0px;\"><\/div>\t<div class=\"hidden-xl hidden-md hidden-sm hidden-ms hidden-xs\" style=\"height: 32px;\"><\/div>\t<div class=\"visible-md\" style=\"height: 32px;\"><\/div>\t<div class=\"visible-sm\" style=\"height: 32px;\"><\/div>\t<div class=\"visible-ms\" style=\"height: 32px;\"><\/div>\t<div class=\"visible-xs\" style=\"height: 32px;\"><\/div><\/div><\/div><\/div><\/div><\/div><div class=\"vc_row wpb_row vc_row-fluid\"><div class=\"wpb_column vc_column_container vc_col-sm-12\"><div class=\"vc_column-inner\"><div class=\"wpb_wrapper\"><div class=\"es-resp\">\t<div class=\"visible-xl\" style=\"height: 60px;\"><\/div>\t<div class=\"hidden-xl hidden-md hidden-sm hidden-ms hidden-xs\" style=\"height: 60px;\"><\/div>\t<div class=\"visible-md\" style=\"height: 60px;\"><\/div>\t<div class=\"visible-sm\" style=\"height: 60px;\"><\/div>\t<div class=\"visible-ms\" style=\"height: 32px;\"><\/div>\t<div class=\"visible-xs\" style=\"height: 32px;\"><\/div><\/div><ul class=\"ltx-block-icon  has-descr  icons-count-6 align-center ltx-icon-color-main ltx-icon-type-transparent ltx-bg-color-white layout-cols3 ltx-icon-top  row centered\"  id=\"like_sc_block_icon_1565632754\"><li class=\"col-lg-4 col-md-4 col-sm-4 col-ms-4 col-xs-12\" ><div  data-mh=\"ltx-block-icon-in-1864\" class=\"in matchHeight\"><span class=\"ltx-icon icon-armchair bg-white\" data-mh=\"ltx-icon-span-like_sc_block_icon_1565632754\"><\/span> <h6 class=\"header\"> \u0406\u043d\u0434\u0438\u0432\u0456\u0434\u0443\u0430\u043b\u044c\u043d\u0438\u0439 \u043f\u0456\u0434\u0445\u0456\u0434 <\/h6> <div class=\"descr\">\u0420\u043e\u0437\u0443\u043c\u0456\u044e\u0447\u0438, \u0449\u043e \u043a\u043e\u0436\u043d\u0430 \u0430\u0432\u0456\u0430\u043a\u043e\u043c\u043f\u0430\u043d\u0456\u044f \u043c\u0430\u0454 \u0443\u043d\u0456\u043a\u0430\u043b\u044c\u043d\u0456 \u0432\u0438\u043c\u043e\u0433\u0438 \u0434\u043e \u0440\u043e\u0437\u043c\u0456\u0449\u0435\u043d\u043d\u044f. \u0421\u0430\u043c\u0435 \u0442\u043e\u043c\u0443 \u043d\u0430\u0448\u0456 \u0440\u0456\u0448\u0435\u043d\u043d\u044f \u0454 \u0433\u043d\u0443\u0447\u043a\u0438\u043c\u0438 \u0442\u0430 \u0430\u0434\u0430\u043f\u0442\u043e\u0432\u0430\u043d\u0438\u043c\u0438 \u0434\u043e \u043f\u043e\u0442\u0440\u0435\u0431 \u043a\u043e\u0436\u043d\u043e\u0433\u043e \u043a\u043b\u0456\u0454\u043d\u0442\u0430.\n\n<\/div><\/div><\/li><li class=\"col-lg-4 col-md-4 col-sm-4 col-ms-4 col-xs-12\" ><div  data-mh=\"ltx-block-icon-in-1864\" class=\"in matchHeight\"><span class=\"ltx-icon icon-shield bg-white\" data-mh=\"ltx-icon-span-like_sc_block_icon_1565632754\"><\/span> <h6 class=\"header\"> \u0421\u0442\u0430\u043d\u0434\u0430\u0440\u0442\u0438 \u0431\u0435\u0437\u043f\u0435\u043a\u0438 \u0442\u0430 \u043a\u043e\u043c\u0444\u043e\u0440\u0442\u0443 <\/h6> <div class=\"descr\">\u041c\u0438 \u0437\u0430\u0431\u0435\u0437\u043f\u0435\u0447\u0443\u0454\u043c\u043e \u043d\u0430\u0439\u0432\u0438\u0449\u0456 \u0441\u0442\u0430\u043d\u0434\u0430\u0440\u0442\u0438 \u0431\u0435\u0437\u043f\u0435\u043a\u0438 \u0442\u0430 \u043a\u043e\u043c\u0444\u043e\u0440\u0442\u0443 \u0434\u043b\u044f \u043f\u0435\u0440\u0441\u043e\u043d\u0430\u043b\u0443 \u0430\u0432\u0456\u0430\u043a\u043e\u043c\u043f\u0430\u043d\u0456\u0457, \u0437\u0430\u0431\u0435\u0437\u043f\u0435\u0447\u0443\u044e\u0447\u0438 \u0439\u043e\u0433\u043e \u0432\u0456\u0434\u043f\u043e\u0447\u0438\u043d\u043e\u043a \u043f\u0456\u0441\u043b\u044f \u0456\u043d\u0442\u0435\u043d\u0441\u0438\u0432\u043d\u0438\u0445 \u043c\u0430\u0440\u0448\u0440\u0443\u0442\u0456\u0432.\n\n<\/div><\/div><\/li><li class=\"col-lg-4 col-md-4 col-sm-4 col-ms-4 col-xs-12\" ><div  data-mh=\"ltx-block-icon-in-1864\" class=\"in matchHeight\"><span class=\"ltx-icon icon-calendar bg-white\" data-mh=\"ltx-icon-span-like_sc_block_icon_1565632754\"><\/span> <h6 class=\"header\"> \u0420\u0456\u0437\u043d\u043e\u043c\u0430\u043d\u0456\u0442\u043d\u0456\u0441\u0442\u044c <\/h6> <div class=\"descr\">\u041c\u0438 \u043f\u0440\u043e\u043f\u043e\u043d\u0443\u0454\u043c\u043e \u043f\u0440\u043e\u0436\u0438\u0432\u0430\u043d\u043d\u044f \u0432 3-\u0445 \u0456 4-\u0437\u0456\u0440\u043a\u043e\u0432\u0438\u0445 \u0433\u043e\u0442\u0435\u043b\u044f\u0445, \u0430\u0434\u0430\u043f\u0442\u043e\u0432\u0430\u043d\u0438\u0445 \u0434\u043e \u0432\u043f\u043e\u0434\u043e\u0431\u0430\u043d\u044c \u0456 \u0432\u0438\u043c\u043e\u0433 \u0430\u0432\u0456\u0430\u043a\u043e\u043c\u043f\u0430\u043d\u0456\u0439.\n\n<\/div><\/div><\/li><li class=\"col-lg-4 col-md-4 col-sm-4 col-ms-4 col-xs-12\" ><div  data-mh=\"ltx-block-icon-in-1864\" class=\"in matchHeight\"><span class=\"ltx-icon icon-location bg-white\" data-mh=\"ltx-icon-span-like_sc_block_icon_1565632754\"><\/span> <h6 class=\"header\"> \u041f\u0440\u043e\u0444\u0435\u0441\u0456\u0439\u043d\u0435 \u043e\u0431\u0441\u043b\u0443\u0433\u043e\u0432\u0443\u0432\u0430\u043d\u043d\u044f <\/h6> <div class=\"descr\">\u041d\u0430\u0448\u0430 \u0434\u043e\u0441\u0432\u0456\u0434\u0447\u0435\u043d\u0430 \u043a\u043e\u043c\u0430\u043d\u0434\u0430 \u0433\u043e\u0442\u043e\u0432\u0430 \u043d\u0430\u0434\u0430\u0432\u0430\u0442\u0438 \u043f\u0440\u043e\u0444\u0435\u0441\u0456\u0439\u043d\u0456 \u043f\u043e\u0441\u043b\u0443\u0433\u0438 24\/7, \u043f\u0456\u043a\u043b\u0443\u044e\u0447\u0438\u0441\u044c \u043f\u0440\u043e \u043a\u043e\u0436\u043d\u0443 \u0434\u0435\u0442\u0430\u043b\u044c \u0456 \u043f\u043e\u0442\u0440\u0435\u0431\u0438 \u043a\u043b\u0456\u0454\u043d\u0442\u0430.\n<\/div><\/div><\/li><li class=\"col-lg-4 col-md-4 col-sm-4 col-ms-4 col-xs-12\" ><div  data-mh=\"ltx-block-icon-in-1864\" class=\"in matchHeight\"><span class=\"ltx-icon icon-location bg-white\" data-mh=\"ltx-icon-span-like_sc_block_icon_1565632754\"><\/span> <h6 class=\"header\"> \u0424\u0456\u043d\u0430\u043d\u0441\u043e\u0432\u0430 \u0433\u043d\u0443\u0447\u043a\u0456\u0441\u0442\u044c <\/h6> <div class=\"descr\">\u041c\u0438 \u0433\u043e\u0442\u043e\u0432\u0456 \u0430\u0434\u0430\u043f\u0442\u0443\u0432\u0430\u0442\u0438 \u043d\u0430\u0448\u0456 \u0446\u0456\u043d\u0438 \u0442\u0430 \u0443\u043c\u043e\u0432\u0438 \u0434\u043e \u0441\u043f\u0435\u0446\u0438\u0444\u0456\u043a\u0438 \u0430\u0432\u0456\u0430\u0446\u0456\u0439\u043d\u043e\u0457 \u0433\u0430\u043b\u0443\u0437\u0456, \u043f\u0440\u043e\u043f\u043e\u043d\u0443\u044e\u0447\u0438 \u043a\u043e\u043d\u043a\u0443\u0440\u0435\u043d\u0442\u043d\u0456 \u0442\u0430 \u0433\u043d\u0443\u0447\u043a\u0456 \u0444\u0456\u043d\u0430\u043d\u0441\u043e\u0432\u0456 \u0440\u0456\u0448\u0435\u043d\u043d\u044f.\n\n<\/div><\/div><\/li><li class=\"col-lg-4 col-md-4 col-sm-4 col-ms-4 col-xs-12\" ><div  data-mh=\"ltx-block-icon-in-1864\" class=\"in matchHeight\"><span class=\"ltx-icon icon-location bg-white\" data-mh=\"ltx-icon-span-like_sc_block_icon_1565632754\"><\/span> <h6 class=\"header\"> \u041d\u0430\u0434\u0456\u0439\u043d\u0456\u0441\u0442\u044c \u0456 \u0441\u0432\u043e\u0454\u0447\u0430\u0441\u043d\u0456\u0441\u0442\u044c <\/h6> <div class=\"descr\">\u041c\u0438 \u0446\u0456\u043d\u0443\u0454\u043c\u043e \u0447\u0430\u0441 \u0456 \u043f\u0440\u0430\u0433\u043d\u0435\u043c\u043e \u0437\u0430\u0431\u0435\u0437\u043f\u0435\u0447\u0438\u0442\u0438 \u043d\u0430\u0434\u0456\u0439\u043d\u0435 \u0442\u0430 \u0441\u0432\u043e\u0454\u0447\u0430\u0441\u043d\u0435 \u043d\u0430\u0434\u0430\u043d\u043d\u044f \u043f\u043e\u0441\u043b\u0443\u0433 \u0440\u043e\u0437\u043c\u0456\u0449\u0435\u043d\u043d\u044f.\n\n<\/div><\/div><\/li><\/ul><div class=\"es-resp\">\t<div class=\"visible-xl\" style=\"height: 120px;\"><\/div>\t<div class=\"hidden-xl hidden-md hidden-sm hidden-ms hidden-xs\" style=\"height: 120px;\"><\/div>\t<div class=\"visible-md\" style=\"height: 120px;\"><\/div>\t<div class=\"visible-sm\" style=\"height: 120px;\"><\/div>\t<div class=\"visible-ms\" style=\"height: 64px;\"><\/div>\t<div class=\"visible-xs\" style=\"height: 64px;\"><\/div><\/div><\/div><\/div><\/div><\/div><\/section><div class=\"vc_row-full-width vc_clearfix\"><\/div>\n<\/div>","protected":false},"excerpt":{"rendered":"Obs\u0142uga linii lotniczych Dlaczego warto wybra\u0107 nasz\u0105 baze noclegow\u0105 dla linii lotniczych: ZakwaterowanieTransportUs\u0142ugi dodatkowekontakt InformacjeZakwaterowanie Z przyjemno\u015bci\u0105 przedstawiamy nasz\u0105 wysoko wyspecjalizowan\u0105 us\u0142ug\u0119 noclegow\u0105 dedykowan\u0105 liniom lotniczym na terenie G\u00f3rnego \u015al\u0105ska, gdzie zlokalizowane jest lotnisko w Pyrzowicach oraz w Warszawie blisko lotniska Chopina, jeste\u015bmy gotowi zaoferowa\u0107 kompleksowe i elastyczne rozwi\u0105zania, dostosowane do indywidualnych wymaga\u0144 co do zakwaterowania. Kontakt Indywidualne Podej\u015bcie Zrozumienie, \u017ce ka\u017cda linia lotnicza ma unikalne oczekiwania co do zakwaterowania. Dlatego nasze rozwi\u0105zania s\u0105 elastyczne i dostosowane do indywidualnych potrzeb klienta. Standardy Bezpiecze\u0144stwa i Komfortu Zapewniamy najwy\u017csze standardy bezpiecze\u0144stwa i komfortu dla personelu linii lotniczych, z my\u015bl\u0105 o ich wypoczynku po intensywnych trasach. R\u00f3\u017cnorodno\u015b\u0107 Oferujemy pobyt w hotelach 3 i 4-gwiazdkowych, dostosowane do preferencji i wymaga\u0144 linii lotniczych. Profesjonalna Obs\u0142uga [...]","protected":false},"author":1,"featured_media":0,"parent":0,"menu_order":0,"comment_status":"closed","ping_status":"closed","template":"page-templates\/full-width.php","meta":{"om_disable_all_campaigns":false,"_monsterinsights_skip_tracking":false,"_monsterinsights_sitenote_active":false,"_monsterinsights_sitenote_note":"","_monsterinsights_sitenote_category":0,"footnotes":""},"class_list":["post-8709","page","type-page","status-publish","hentry"],"aioseo_notices":[],"_links":{"self":[{"href":"https:\/\/prosportivo.eu\/uk\/wp-json\/wp\/v2\/pages\/8709","targetHints":{"allow":["GET"]}}],"collection":[{"href":"https:\/\/prosportivo.eu\/uk\/wp-json\/wp\/v2\/pages"}],"about":[{"href":"https:\/\/prosportivo.eu\/uk\/wp-json\/wp\/v2\/types\/page"}],"author":[{"embeddable":true,"href":"https:\/\/prosportivo.eu\/uk\/wp-json\/wp\/v2\/users\/1"}],"replies":[{"embeddable":true,"href":"https:\/\/prosportivo.eu\/uk\/wp-json\/wp\/v2\/comments?post=8709"}],"version-history":[{"count":32,"href":"https:\/\/prosportivo.eu\/uk\/wp-json\/wp\/v2\/pages\/8709\/revisions"}],"predecessor-version":[{"id":9216,"href":"https:\/\/prosportivo.eu\/uk\/wp-json\/wp\/v2\/pages\/8709\/revisions\/9216"}],"wp:attachment":[{"href":"https:\/\/prosportivo.eu\/uk\/wp-json\/wp\/v2\/media?parent=8709"}],"curies":[{"name":"wp","href":"https:\/\/api.w.org\/{rel}","templated":true}]}}