{"id":8831,"date":"2025-05-16T12:57:46","date_gmt":"2025-05-16T12:57:46","guid":{"rendered":"https:\/\/prosportivo.eu\/?page_id=8831"},"modified":"2025-08-27T14:59:09","modified_gmt":"2025-08-27T14:59:09","slug":"hotele-i-apartamenty","status":"publish","type":"page","link":"https:\/\/prosportivo.eu\/uk\/hotele-i-apartamenty\/","title":{"rendered":"\u0413\u043e\u0442\u0435\u043b\u0456 \u0442\u0430 \u0430\u043f\u0430\u0440\u0442\u0430\u043c\u0435\u043d\u0442\u0438"},"content":{"rendered":"<div class=\"wpb-content-wrapper\"><div data-vc-full-width=\"true\" data-vc-full-width-init=\"false\" data-vc-stretch-content=\"true\" class=\"vc_row wpb_row vc_row-fluid vc_row-no-padding bg-color-black\"><div class=\"wpb_column vc_column_container vc_col-sm-12 vc_col-has-fill\"><div class=\"vc_column-inner vc_custom_1747400687991\"><div class=\"wpb_wrapper\"><div class=\"slider-zoom  zoom-default  zoom-style-default  zoom-origin-center-center  overlay-dots  bullets-false  zoom-content-effect-fade-top  zoom-margin-top\" id=\"like_sc_zoom_slider_1181999109\" data-zs-prev=\"\" data-zs-next=\"\" data-zs-overlay=\"dots\" data-zs-initzoom=\"1.2\" data-zs-speed=\"20000\" data-zs-interval=\"4500\" data-zs-switchspeed=\"7000\" data-zs-arrows=\"true\" data-zs-bullets=\"false\" data-zs-src='[&#34;https:\\\/\\\/prosportivo.eu\\\/wp-content\\\/uploads\\\/2025\\\/05\\\/1783.jpg&#34;]'><div class=\"container ltx-zs-slider-wrapper\"><div class=\"ltx-zs-slider-inner  inited visible  ltx-zs-slide-0\" data-index=\"0\"><div class=\"vc_row wpb_row vc_row-fluid vc_row-o-content-middle vc_row-flex text-align-center\"><div class=\"wpb_column vc_column_container vc_col-sm-12\"><div class=\"vc_column-inner\"><div class=\"wpb_wrapper\"><div class=\"heading  heading-large default align-center color-main subcolor-white transform-header-up icon-type-hidden heading-tag-h1\" id=\"like_sc_header_2031476460\"><h1 class=\"header -id-like_sc_header_20314764601658128048  -effect-fade_in -el-block -delay-0 -duration-1000 -sequences-0\">\u0413\u043e\u0442\u0435\u043b\u0456 \u0442\u0430 \u043d\u0435\u0440\u0443\u0445\u043e\u043c\u0456\u0441\u0442\u044c<\/h1><\/div><div class=\"ltx-content-width col-align-center\" id=\"like_sc_content_width_1757365151\" style=\"max-width: 700px\"><div class=\"ltx-wrapper\">\n\t<div class=\"wpb_text_column wpb_content_element\" >\n\t\t<div class=\"wpb_wrapper\">\n\t\t\t<p style=\"text-align: center;\">\u041f\u0435\u0440\u0435\u0433\u043b\u044f\u043d\u044c\u0442\u0435 \u043d\u0430\u0448\u0443 \u043f\u0440\u043e\u043f\u043e\u0437\u0438\u0446\u0456\u044e \u0449\u043e\u0434\u043e \u043f\u0440\u043e\u0436\u0438\u0432\u0430\u043d\u043d\u044f:<\/p>\n\n\t\t<\/div>\n\t<\/div>\n<\/div><\/div><div class=\"es-resp\">\t<div class=\"visible-xl\" style=\"height: 64px;\"><\/div>\t<div class=\"hidden-xl hidden-md hidden-sm hidden-ms hidden-xs\" style=\"height: 64px;\"><\/div>\t<div class=\"visible-md\" style=\"height: 64px;\"><\/div>\t<div class=\"visible-sm\" style=\"height: 64px;\"><\/div>\t<div class=\"visible-ms\" style=\"height: 64px;\"><\/div>\t<div class=\"visible-xs\" style=\"height: 64px;\"><\/div><\/div><div class=\"btn-wrap align-center btn-wrap-inline\"><a href=\"https:\/\/prosportivo.eu\/uk\/hotele-i-apartamenty\/\"  class=\"btn  btn-second color-hover-white align-center\" id=\"like_sc_button_1258824724\">\u0413\u043e\u0442\u0435\u043b\u0456 \u0442\u0430 \u0430\u043f\u0430\u0440\u0442\u0430\u043c\u0435\u043d\u0442\u0438<\/a><\/div><div class=\"btn-wrap align-center btn-wrap-inline\"><a href=\"https:\/\/prosportivo.eu\/uk\/lokale-uzytkowe\/\"  class=\"btn  btn-second color-hover-white align-center\" id=\"like_sc_button_422205109\">\u041d\u0435\u0440\u0443\u0445\u043e\u043c\u0456\u0441\u0442\u044c<\/a><\/div><div class=\"btn-wrap align-center btn-wrap-inline\"><a href=\"https:\/\/prosportivo.eu\/uk\/kontakt-hotele\/\"  class=\"btn  btn-second color-hover-white align-center\" id=\"like_sc_button_1513409924\">\u043a\u043e\u043d\u0442\u0430\u043a\u0442<\/a><\/div><div class=\"es-resp\">\t<div class=\"visible-xl\" style=\"height: 350px;\"><\/div>\t<div class=\"hidden-xl hidden-md hidden-sm hidden-ms hidden-xs\" style=\"height: 350px;\"><\/div>\t<div class=\"visible-md\" style=\"height: 350px;\"><\/div>\t<div class=\"visible-sm\" style=\"height: 200px;\"><\/div>\t<div class=\"visible-ms\" style=\"height: 200px;\"><\/div>\t<div class=\"visible-xs\" style=\"height: 200px;\"><\/div><\/div><\/div><\/div><\/div><\/div><\/div><\/div><\/div><\/div><\/div><\/div><\/div><div class=\"vc_row-full-width vc_clearfix\"><\/div><section data-vc-full-width=\"true\" data-vc-full-width-init=\"false\" class=\"vc_section bg-color-white\"><div class=\"vc_row wpb_row vc_row-fluid\"><div class=\"wpb_column vc_column_container vc_col-sm-12\"><div class=\"vc_column-inner\"><div class=\"wpb_wrapper\"><div class=\"es-resp\">\t<div class=\"visible-xl\" style=\"height: 125px;\"><\/div>\t<div class=\"hidden-xl hidden-md hidden-sm hidden-ms hidden-xs\" style=\"height: 125px;\"><\/div>\t<div class=\"visible-md\" style=\"height: 125px;\"><\/div>\t<div class=\"visible-sm\" style=\"height: 125px;\"><\/div>\t<div class=\"visible-ms\" style=\"height: 64px;\"><\/div>\t<div class=\"visible-xs\" style=\"height: 64px;\"><\/div><\/div><div class=\"ltx-content-width col-align-center\" id=\"like_sc_content_width_596901288\" style=\"max-width: 1000px\"><div class=\"ltx-wrapper\"><\/div><\/div><\/div><\/div><\/div><\/div><div class=\"vc_row wpb_row vc_row-fluid vc_custom_1755930277412 vc_row-o-equal-height vc_row-flex bg-color-white\"><div class=\"wpb_column vc_column_container vc_col-sm-12 vc_col-lg-6 vc_col-md-12 vc_col-has-fill\"><div class=\"vc_column-inner vc_custom_1755930516961\"><div class=\"wpb_wrapper\"><div class=\"heading  header-subheader align-left color-black subcolor-main transform-default has-subheader theme-icon-second icon-type-default heading-tag-h3\" id=\"like_sc_header_952018845\"><h5 class=\"subheader ltx-sr-id-like_sc_header_9520188451676913868 ltx-sr ltx-sr-effect-fade_in ltx-sr-el-block ltx-sr-delay-100 ltx-sr-duration-300 ltx-sr-sequences-50\">\u0406\u043d\u0444\u043e\u0440\u043c\u0430\u0446\u0456\u044f<\/h5><h3 class=\"header ltx-sr-id-like_sc_header_9520188451710753984 ltx-sr ltx-sr-effect-fade_in ltx-sr-el-block ltx-sr-delay-0 ltx-sr-duration-1000 ltx-sr-sequences-0\">\u0413\u043e\u0442\u0435\u043b\u0456 \u0442\u0430 \u0430\u043f\u0430\u0440\u0442\u0430\u043c\u0435\u043d\u0442\u0438<\/h3><\/div>\n\t<div class=\"wpb_text_column wpb_content_element\" >\n\t\t<div class=\"wpb_wrapper\">\n\t\t\t<p>\u041c\u0438 \u0440\u0430\u0434\u0456 \u043f\u0440\u0435\u0434\u0441\u0442\u0430\u0432\u0438\u0442\u0438 \u043d\u0430\u0448 \u0432\u0443\u0437\u044c\u043a\u043e\u0441\u043f\u0435\u0446\u0456\u0430\u043b\u0456\u0437\u043e\u0432\u0430\u043d\u0438\u0439 \u0441\u0435\u0440\u0432\u0456\u0441 \u0440\u043e\u0437\u043c\u0456\u0449\u0435\u043d\u043d\u044f \u0432 \u041a\u0430\u0442\u043e\u0432\u0456\u0446\u0435, \u0411\u0438\u0442\u043e\u043c\u0456, \u0421\u043e\u0441\u043d\u043e\u0432\u0446\u0456 \u0442\u0430 \u0412\u0430\u0440\u0448\u0430\u0432\u0456. \u041c\u0438 \u0433\u043e\u0442\u043e\u0432\u0456 \u0437\u0430\u043f\u0440\u043e\u043f\u043e\u043d\u0443\u0432\u0430\u0442\u0438 \u043a\u043e\u043c\u043f\u043b\u0435\u043a\u0441\u043d\u0456 \u0442\u0430 \u0433\u043d\u0443\u0447\u043a\u0456 \u0440\u0456\u0448\u0435\u043d\u043d\u044f, \u0430\u0434\u0430\u043f\u0442\u043e\u0432\u0430\u043d\u0456 \u0434\u043e \u0456\u043d\u0434\u0438\u0432\u0456\u0434\u0443\u0430\u043b\u044c\u043d\u0438\u0445 \u043f\u043e\u0442\u0440\u0435\u0431 \u0443 \u0440\u043e\u0437\u043c\u0456\u0449\u0435\u043d\u043d\u0456.<\/p>\n\n\t\t<\/div>\n\t<\/div>\n<div class=\"vc_separator wpb_content_element vc_separator_align_center vc_sep_width_100 vc_sep_pos_align_center vc_separator_no_text vc_sep_color_grey wpb_content_element  wpb_content_element\" ><span class=\"vc_sep_holder vc_sep_holder_l\"><span class=\"vc_sep_line\"><\/span><\/span><span class=\"vc_sep_holder vc_sep_holder_r\"><span class=\"vc_sep_line\"><\/span><\/span>\n<\/div><div class=\"btn-wrap\"><a href=\"https:\/\/prosportivo.eu\/uk\/kontakt-hotele\/\"  class=\"btn  btn-main color-hover-default\" id=\"like_sc_button_1652828449\">\u043a\u043e\u043d\u0442\u0430\u043a\u0442<\/a><\/div><\/div><\/div><\/div><div class=\"wpb_column vc_column_container vc_col-sm-12 vc_col-lg-6 vc_col-md-12\"><div class=\"vc_column-inner\"><div class=\"wpb_wrapper\">\n\t<div  class=\"wpb_single_image wpb_content_element vc_align_left wpb_content_element\">\n\t\t\n\t\t<figure class=\"wpb_wrapper vc_figure\">\n\t\t\t<div class=\"vc_single_image-wrapper   vc_box_border_grey\"><img decoding=\"async\" class=\"vc_single_image-img\" src=\"https:\/\/prosportivo.eu\/wp-content\/uploads\/2025\/06\/ggg-1-600x400.jpg\" width=\"600\" height=\"400\" alt=\"Luxury hotel suite, modern design, comfortable bed, bright blue room generated by artificial intelligence\" title=\"Luxury hotel suite, modern design, comfortable bed, bright blue room generated by AI\" loading=\"lazy\" \/><\/div>\n\t\t<\/figure>\n\t<\/div>\n<\/div><\/div><\/div><\/div><div data-vc-full-width=\"true\" data-vc-full-width-init=\"false\" class=\"vc_row wpb_row vc_row-fluid bg-color-gray\"><div class=\"wpb_column vc_column_container vc_col-sm-12\"><div class=\"vc_column-inner\"><div class=\"wpb_wrapper\"><div class=\"es-resp\">\t<div class=\"visible-xl\" style=\"height: 125px;\"><\/div>\t<div class=\"hidden-xl hidden-md hidden-sm hidden-ms hidden-xs\" style=\"height: 125px;\"><\/div>\t<div class=\"visible-md\" style=\"height: 125px;\"><\/div>\t<div class=\"visible-sm\" style=\"height: 125px;\"><\/div>\t<div class=\"visible-ms\" style=\"height: 64px;\"><\/div>\t<div class=\"visible-xs\" style=\"height: 64px;\"><\/div><\/div><ul class=\"ltx-block-icon  has-descr  icons-count-6 align-center ltx-icon-color-main ltx-icon-type-transparent ltx-bg-color-white layout-cols3 ltx-icon-top  row centered\"  id=\"like_sc_block_icon_956582338\"><li class=\"col-lg-4 col-md-4 col-sm-4 col-ms-4 col-xs-12\" ><div  data-mh=\"ltx-block-icon-in-1786\" class=\"in matchHeight\"><span class=\"ltx-icon icon-armchair bg-white\" data-mh=\"ltx-icon-span-like_sc_block_icon_956582338\"><\/span> <h5 class=\"header\"> \u0406\u043d\u0434\u0438\u0432\u0456\u0434\u0443\u0430\u043b\u044c\u043d\u0438\u0439 \u043f\u0456\u0434\u0445\u0456\u0434 <\/h5> <div class=\"descr\">\u041c\u0438 \u0440\u043e\u0437\u0443\u043c\u0456\u0454\u043c\u043e, \u0449\u043e \u043a\u043e\u0436\u0435\u043d \u043c\u0430\u0454 \u0443\u043d\u0456\u043a\u0430\u043b\u044c\u043d\u0456 \u043f\u043e\u0442\u0440\u0435\u0431\u0438 \u0432 \u0436\u0438\u0442\u043b\u0456. \u0421\u0430\u043c\u0435 \u0442\u043e\u043c\u0443 \u043d\u0430\u0448\u0456 \u0440\u0456\u0448\u0435\u043d\u043d\u044f \u0454 \u0433\u043d\u0443\u0447\u043a\u0438\u043c\u0438 \u0442\u0430 \u0430\u0434\u0430\u043f\u0442\u043e\u0432\u0430\u043d\u0438\u043c\u0438 \u0434\u043e \u0456\u043d\u0434\u0438\u0432\u0456\u0434\u0443\u0430\u043b\u044c\u043d\u0438\u0445 \u043f\u043e\u0442\u0440\u0435\u0431 \u043a\u043e\u0436\u043d\u043e\u0433\u043e \u043a\u043b\u0456\u0454\u043d\u0442\u0430.<\/div><\/div><\/li><li class=\"col-lg-4 col-md-4 col-sm-4 col-ms-4 col-xs-12\" ><div  data-mh=\"ltx-block-icon-in-1786\" class=\"in matchHeight\"><span class=\"ltx-icon icon-shield bg-white\" data-mh=\"ltx-icon-span-like_sc_block_icon_956582338\"><\/span> <h5 class=\"header\"> \u0421\u0442\u0430\u043d\u0434\u0430\u0440\u0442\u0438 \u0431\u0435\u0437\u043f\u0435\u043a\u0438 \u0442\u0430 \u043a\u043e\u043c\u0444\u043e\u0440\u0442\u0443 <\/h5> <div class=\"descr\">\u041c\u0438 \u0437\u0430\u0431\u0435\u0437\u043f\u0435\u0447\u0443\u0454\u043c\u043e \u043d\u0430\u0439\u0432\u0438\u0449\u0456 \u0441\u0442\u0430\u043d\u0434\u0430\u0440\u0442\u0438 \u0431\u0435\u0437\u043f\u0435\u043a\u0438 \u0442\u0430 \u043a\u043e\u043c\u0444\u043e\u0440\u0442\u0443 \u0434\u043b\u044f \u043b\u044e\u0434\u0435\u0439 \u044f\u043a \u0443 \u0434\u0456\u043b\u043e\u0432\u0438\u0445, \u0442\u0430\u043a \u0456 \u0432 \u0442\u0443\u0440\u0438\u0441\u0442\u0438\u0447\u043d\u0438\u0445 \u043f\u043e\u0457\u0437\u0434\u043a\u0430\u0445, \u0433\u0430\u0440\u0430\u043d\u0442\u0443\u044e\u0447\u0438 \u0457\u043c \u043c\u043e\u0436\u043b\u0438\u0432\u0456\u0441\u0442\u044c \u0440\u043e\u0437\u0441\u043b\u0430\u0431\u0438\u0442\u0438\u0441\u044f \u043f\u0456\u0441\u043b\u044f \u043d\u0430\u043f\u0440\u0443\u0436\u0435\u043d\u0438\u0445 \u043f\u043e\u0434\u043e\u0440\u043e\u0436\u0435\u0439.<\/div><\/div><\/li><li class=\"col-lg-4 col-md-4 col-sm-4 col-ms-4 col-xs-12\" ><div  data-mh=\"ltx-block-icon-in-1786\" class=\"in matchHeight\"><span class=\"ltx-icon icon-calendar bg-white\" data-mh=\"ltx-icon-span-like_sc_block_icon_956582338\"><\/span> <h5 class=\"header\"> \u0420\u0456\u0437\u043d\u043e\u043c\u0430\u043d\u0456\u0442\u043d\u0456\u0441\u0442\u044c <\/h5> <div class=\"descr\">\u041c\u0438 \u043f\u0440\u043e\u043f\u043e\u043d\u0443\u0454\u043c\u043e \u043f\u0440\u043e\u0436\u0438\u0432\u0430\u043d\u043d\u044f \u0432 3- \u0442\u0430 4-\u0437\u0456\u0440\u043a\u043e\u0432\u0438\u0445 \u0433\u043e\u0442\u0435\u043b\u044f\u0445, \u0430 \u0442\u0430\u043a\u043e\u0436 \u0443 \u0430\u043f\u0430\u0440\u0442\u0430\u043c\u0435\u043d\u0442\u0430\u0445 VIP \u0442\u0430 \u0431\u0456\u0437\u043d\u0435\u0441-\u043a\u043b\u0430\u0441\u0443.<\/div><\/div><\/li><li class=\"col-lg-4 col-md-4 col-sm-4 col-ms-4 col-xs-12\" ><div  data-mh=\"ltx-block-icon-in-1786\" class=\"in matchHeight\"><span class=\"ltx-icon icon-calendar bg-white\" data-mh=\"ltx-icon-span-like_sc_block_icon_956582338\"><\/span> <h5 class=\"header\"> \u041f\u0440\u043e\u0444\u0435\u0441\u0456\u0439\u043d\u0435 \u043e\u0431\u0441\u043b\u0443\u0433\u043e\u0432\u0443\u0432\u0430\u043d\u043d\u044f <\/h5> <div class=\"descr\">\u041d\u0430\u0448\u0430 \u0434\u043e\u0441\u0432\u0456\u0434\u0447\u0435\u043d\u0430 \u043a\u043e\u043c\u0430\u043d\u0434\u0430 \u0433\u043e\u0442\u043e\u0432\u0430 \u043d\u0430\u0434\u0430\u0432\u0430\u0442\u0438 \u043f\u0440\u043e\u0444\u0435\u0441\u0456\u0439\u043d\u0456 \u043f\u043e\u0441\u043b\u0443\u0433\u0438 \u0446\u0456\u043b\u043e\u0434\u043e\u0431\u043e\u0432\u043e, \u0432\u0440\u0430\u0445\u043e\u0432\u0443\u044e\u0447\u0438 \u043a\u043e\u0436\u043d\u0443 \u0434\u0435\u0442\u0430\u043b\u044c \u0442\u0430 \u043f\u043e\u0442\u0440\u0435\u0431\u0438 \u043a\u043b\u0456\u0454\u043d\u0442\u0430.<\/div><\/div><\/li><li class=\"col-lg-4 col-md-4 col-sm-4 col-ms-4 col-xs-12\" ><div  data-mh=\"ltx-block-icon-in-1786\" class=\"in matchHeight\"><span class=\"ltx-icon icon-calendar bg-white\" data-mh=\"ltx-icon-span-like_sc_block_icon_956582338\"><\/span> <h5 class=\"header\"> \u0424\u0456\u043d\u0430\u043d\u0441\u043e\u0432\u0430 \u0433\u043d\u0443\u0447\u043a\u0456\u0441\u0442\u044c <\/h5> <div class=\"descr\">\u041c\u0438 \u0433\u043e\u0442\u043e\u0432\u0456 \u0430\u0434\u0430\u043f\u0442\u0443\u0432\u0430\u0442\u0438 \u043d\u0430\u0448\u0456 \u0446\u0456\u043d\u0438 \u0442\u0430 \u0443\u043c\u043e\u0432\u0438 \u0434\u043e \u0432\u0430\u0448\u0438\u0445 \u043a\u043e\u043d\u043a\u0440\u0435\u0442\u043d\u0438\u0445 \u043f\u043e\u0442\u0440\u0435\u0431, \u043f\u0440\u043e\u043f\u043e\u043d\u0443\u044e\u0447\u0438 \u043a\u043e\u043d\u043a\u0443\u0440\u0435\u043d\u0442\u043d\u0456 \u0442\u0430 \u0433\u043d\u0443\u0447\u043a\u0456 \u0444\u0456\u043d\u0430\u043d\u0441\u043e\u0432\u0456 \u0440\u0456\u0448\u0435\u043d\u043d\u044f.<\/div><\/div><\/li><li class=\"col-lg-4 col-md-4 col-sm-4 col-ms-4 col-xs-12\" ><div  data-mh=\"ltx-block-icon-in-1786\" class=\"in matchHeight\"><span class=\"ltx-icon icon-calendar bg-white\" data-mh=\"ltx-icon-span-like_sc_block_icon_956582338\"><\/span> <h5 class=\"header\"> \u041d\u0430\u0434\u0456\u0439\u043d\u0456\u0441\u0442\u044c \u0456 \u0441\u0432\u043e\u0454\u0447\u0430\u0441\u043d\u0456\u0441\u0442\u044c <\/h5> <div class=\"descr\">\u041c\u0438 \u0446\u0456\u043d\u0443\u0454\u043c\u043e \u0432\u0430\u0448 \u0447\u0430\u0441 \u0456 \u043f\u0440\u0430\u0433\u043d\u0435\u043c\u043e \u0437\u0430\u0431\u0435\u0437\u043f\u0435\u0447\u0438\u0442\u0438 \u043d\u0430\u0434\u0456\u0439\u043d\u0435 \u0442\u0430 \u0441\u0432\u043e\u0454\u0447\u0430\u0441\u043d\u0435 \u043d\u0430\u0434\u0430\u043d\u043d\u044f \u043d\u0430\u0448\u0438\u0445 \u043f\u043e\u0441\u043b\u0443\u0433 \u0437 \u0440\u043e\u0437\u043c\u0456\u0449\u0435\u043d\u043d\u044f. \u042f\u043a\u0449\u043e \u0432\u0438 \u0448\u0443\u043a\u0430\u0454\u0442\u0435 \u043f\u0430\u0440\u0442\u043d\u0435\u0440\u0430, \u044f\u043a\u0438\u0439 \u043d\u0435 \u043b\u0438\u0448\u0435 \u0432\u0456\u0434\u043f\u043e\u0432\u0456\u0434\u0430\u0442\u0438\u043c\u0435, \u0430 \u0439 \u043f\u0435\u0440\u0435\u0432\u0435\u0440\u0448\u0438\u0442\u044c \u0432\u0430\u0448\u0456 \u043e\u0447\u0456\u043a\u0443\u0432\u0430\u043d\u043d\u044f \u0449\u043e\u0434\u043e \u043f\u043e\u0441\u043b\u0443\u0433 \u0440\u043e\u0437\u043c\u0456\u0449\u0435\u043d\u043d\u044f, \u043c\u0438 \u0433\u043e\u0442\u043e\u0432\u0456 \u0432\u0437\u044f\u0442\u0438\u0441\u044f \u0437\u0430 \u0446\u0435\u0439 \u0432\u0438\u043a\u043b\u0438\u043a. \u0417\u0432\u0435\u0440\u043d\u0456\u0442\u044c\u0441\u044f \u0434\u043e \u043d\u0430\u0441, \u0456 \u043d\u0430\u0448\u0430 \u0441\u043f\u0435\u0446\u0456\u0430\u043b\u0456\u0437\u043e\u0432\u0430\u043d\u0430 \u043a\u043e\u043c\u0430\u043d\u0434\u0430 \u043d\u0430\u0434\u0430\u0441\u0442\u044c \u0432\u0430\u043c \u043f\u0435\u0440\u0441\u043e\u043d\u0430\u043b\u0456\u0437\u043e\u0432\u0430\u043d\u0435 \u0440\u0456\u0448\u0435\u043d\u043d\u044f, \u0449\u043e \u0432\u0456\u0434\u043f\u043e\u0432\u0456\u0434\u0430\u0454 \u043d\u0430\u0439\u0432\u0438\u0449\u0438\u043c \u0433\u0430\u043b\u0443\u0437\u0435\u0432\u0438\u043c \u0441\u0442\u0430\u043d\u0434\u0430\u0440\u0442\u0430\u043c.<\/div><\/div><\/li><\/ul><div class=\"es-resp\">\t<div class=\"visible-xl\" style=\"height: 120px;\"><\/div>\t<div class=\"hidden-xl hidden-md hidden-sm hidden-ms hidden-xs\" style=\"height: 120px;\"><\/div>\t<div class=\"visible-md\" style=\"height: 120px;\"><\/div>\t<div class=\"visible-sm\" style=\"height: 120px;\"><\/div>\t<div class=\"visible-ms\" style=\"height: 64px;\"><\/div>\t<div class=\"visible-xs\" style=\"height: 64px;\"><\/div><\/div><\/div><\/div><\/div><\/div><div class=\"vc_row-full-width vc_clearfix\"><\/div><\/section><div class=\"vc_row-full-width vc_clearfix\"><\/div>\n<\/div>","protected":false},"excerpt":{"rendered":"Hotele i nieruchomo\u015bci Zapoznaj si\u0119 z nasz\u0105 ofert\u0105 noclegow\u0105: Hotele i apartamentyNieruchomo\u015bciKontakt","protected":false},"author":1,"featured_media":0,"parent":0,"menu_order":0,"comment_status":"closed","ping_status":"closed","template":"page-templates\/full-width.php","meta":{"om_disable_all_campaigns":false,"_monsterinsights_skip_tracking":false,"_monsterinsights_sitenote_active":false,"_monsterinsights_sitenote_note":"","_monsterinsights_sitenote_category":0,"footnotes":""},"class_list":["post-8831","page","type-page","status-publish","hentry","has-post-thumbnail"],"aioseo_notices":[],"_links":{"self":[{"href":"https:\/\/prosportivo.eu\/uk\/wp-json\/wp\/v2\/pages\/8831","targetHints":{"allow":["GET"]}}],"collection":[{"href":"https:\/\/prosportivo.eu\/uk\/wp-json\/wp\/v2\/pages"}],"about":[{"href":"https:\/\/prosportivo.eu\/uk\/wp-json\/wp\/v2\/types\/page"}],"author":[{"embeddable":true,"href":"https:\/\/prosportivo.eu\/uk\/wp-json\/wp\/v2\/users\/1"}],"replies":[{"embeddable":true,"href":"https:\/\/prosportivo.eu\/uk\/wp-json\/wp\/v2\/comments?post=8831"}],"version-history":[{"count":21,"href":"https:\/\/prosportivo.eu\/uk\/wp-json\/wp\/v2\/pages\/8831\/revisions"}],"predecessor-version":[{"id":9225,"href":"https:\/\/prosportivo.eu\/uk\/wp-json\/wp\/v2\/pages\/8831\/revisions\/9225"}],"wp:attachment":[{"href":"https:\/\/prosportivo.eu\/uk\/wp-json\/wp\/v2\/media?parent=8831"}],"curies":[{"name":"wp","href":"https:\/\/api.w.org\/{rel}","templated":true}]}}