{"id":8840,"date":"2025-05-16T13:05:31","date_gmt":"2025-05-16T13:05:31","guid":{"rendered":"https:\/\/prosportivo.eu\/?page_id=8840"},"modified":"2025-08-27T15:36:01","modified_gmt":"2025-08-27T15:36:01","slug":"lokale-uzytkowe","status":"publish","type":"page","link":"https:\/\/prosportivo.eu\/uk\/lokale-uzytkowe\/","title":{"rendered":"\u041a\u043e\u043c\u0435\u0440\u0446\u0456\u0439\u043d\u0456 \u043f\u0440\u0438\u043c\u0456\u0449\u0435\u043d\u043d\u044f"},"content":{"rendered":"<div class=\"wpb-content-wrapper\"><div data-vc-full-width=\"true\" data-vc-full-width-init=\"false\" data-vc-stretch-content=\"true\" class=\"vc_row wpb_row vc_row-fluid vc_row-no-padding bg-color-black\"><div class=\"wpb_column vc_column_container vc_col-sm-12 vc_col-has-fill\"><div class=\"vc_column-inner vc_custom_1747400687991\"><div class=\"wpb_wrapper\"><div class=\"slider-zoom  zoom-default  zoom-style-default  zoom-origin-center-center  overlay-dots  bullets-false  zoom-content-effect-fade-top  zoom-margin-top\" id=\"like_sc_zoom_slider_474810136\" data-zs-prev=\"\" data-zs-next=\"\" data-zs-overlay=\"dots\" data-zs-initzoom=\"1.2\" data-zs-speed=\"20000\" data-zs-interval=\"4500\" data-zs-switchspeed=\"7000\" data-zs-arrows=\"true\" data-zs-bullets=\"false\" data-zs-src='[&#34;https:\\\/\\\/prosportivo.eu\\\/wp-content\\\/uploads\\\/2025\\\/05\\\/1783.jpg&#34;]'><div class=\"container ltx-zs-slider-wrapper\"><div class=\"ltx-zs-slider-inner  inited visible  ltx-zs-slide-0\" data-index=\"0\"><div class=\"vc_row wpb_row vc_row-fluid vc_row-o-content-middle vc_row-flex text-align-center\"><div class=\"wpb_column vc_column_container vc_col-sm-12\"><div class=\"vc_column-inner\"><div class=\"wpb_wrapper\"><div class=\"heading  heading-large default align-center color-main subcolor-white transform-header-up icon-type-hidden heading-tag-h1\" id=\"like_sc_header_1581323507\"><h1 class=\"header -id-like_sc_header_15813235071909536780  -effect-fade_in -el-block -delay-0 -duration-1000 -sequences-0\">\u0413\u043e\u0442\u0435\u043b\u0456 \u0442\u0430 \u043d\u0435\u0440\u0443\u0445\u043e\u043c\u0456\u0441\u0442\u044c<\/h1><\/div><div class=\"ltx-content-width col-align-center\" id=\"like_sc_content_width_363269583\" style=\"max-width: 700px\"><div class=\"ltx-wrapper\">\n\t<div class=\"wpb_text_column wpb_content_element\" >\n\t\t<div class=\"wpb_wrapper\">\n\t\t\t<p style=\"text-align: center;\">\u0437\u0432'\u044f\u0436\u0456\u0442\u044c\u0441\u044f \u0437 \u043d\u0430\u043c\u0438:<\/p>\n\n\t\t<\/div>\n\t<\/div>\n<\/div><\/div><div class=\"es-resp\">\t<div class=\"visible-xl\" style=\"height: 64px;\"><\/div>\t<div class=\"hidden-xl hidden-md hidden-sm hidden-ms hidden-xs\" style=\"height: 64px;\"><\/div>\t<div class=\"visible-md\" style=\"height: 64px;\"><\/div>\t<div class=\"visible-sm\" style=\"height: 64px;\"><\/div>\t<div class=\"visible-ms\" style=\"height: 64px;\"><\/div>\t<div class=\"visible-xs\" style=\"height: 64px;\"><\/div><\/div><div class=\"btn-wrap align-center btn-wrap-inline\"><a href=\"https:\/\/prosportivo.eu\/uk\/hotele-i-apartamenty\/\"  class=\"btn  btn-second color-hover-white align-center\" id=\"like_sc_button_869865986\">\u0413\u043e\u0442\u0435\u043b\u0456 \u0442\u0430 \u0430\u043f\u0430\u0440\u0442\u0430\u043c\u0435\u043d\u0442\u0438<\/a><\/div><div class=\"btn-wrap align-center btn-wrap-inline\"><a href=\"https:\/\/prosportivo.eu\/uk\/lokale-uzytkowe\/\"  class=\"btn  btn-second color-hover-white align-center\" id=\"like_sc_button_1757082465\">\u041d\u0435\u0440\u0443\u0445\u043e\u043c\u0456\u0441\u0442\u044c<\/a><\/div><div class=\"btn-wrap align-center btn-wrap-inline\"><a href=\"https:\/\/prosportivo.eu\/uk\/kontakt-hotele\/\"  class=\"btn  btn-second color-hover-white align-center\" id=\"like_sc_button_246463389\">\u043a\u043e\u043d\u0442\u0430\u043a\u0442<\/a><\/div><div class=\"es-resp\">\t<div class=\"visible-xl\" style=\"height: 350px;\"><\/div>\t<div class=\"hidden-xl hidden-md hidden-sm hidden-ms hidden-xs\" style=\"height: 350px;\"><\/div>\t<div class=\"visible-md\" style=\"height: 350px;\"><\/div>\t<div class=\"visible-sm\" style=\"height: 200px;\"><\/div>\t<div class=\"visible-ms\" style=\"height: 200px;\"><\/div>\t<div class=\"visible-xs\" style=\"height: 200px;\"><\/div><\/div><\/div><\/div><\/div><\/div><\/div><\/div><\/div><\/div><\/div><\/div><\/div><div class=\"vc_row-full-width vc_clearfix\"><\/div><section data-vc-full-width=\"true\" data-vc-full-width-init=\"false\" class=\"vc_section bg-color-white\"><div class=\"vc_row wpb_row vc_row-fluid\"><div class=\"wpb_column vc_column_container vc_col-sm-12\"><div class=\"vc_column-inner\"><div class=\"wpb_wrapper\"><div class=\"es-resp\">\t<div class=\"visible-xl\" style=\"height: 125px;\"><\/div>\t<div class=\"hidden-xl hidden-md hidden-sm hidden-ms hidden-xs\" style=\"height: 125px;\"><\/div>\t<div class=\"visible-md\" style=\"height: 125px;\"><\/div>\t<div class=\"visible-sm\" style=\"height: 125px;\"><\/div>\t<div class=\"visible-ms\" style=\"height: 64px;\"><\/div>\t<div class=\"visible-xs\" style=\"height: 64px;\"><\/div><\/div><div class=\"ltx-content-width col-align-center\" id=\"like_sc_content_width_2117609962\" style=\"max-width: 1000px\"><div class=\"ltx-wrapper\"><\/div><\/div><\/div><\/div><\/div><\/div><div class=\"vc_row wpb_row vc_row-fluid vc_custom_1755930598183 vc_row-o-equal-height vc_row-flex bg-color-white\"><div class=\"wpb_column vc_column_container vc_col-sm-12 vc_col-lg-6 vc_col-md-12 vc_col-has-fill\"><div class=\"vc_column-inner vc_custom_1755930613529\"><div class=\"wpb_wrapper\"><div class=\"heading  header-subheader align-left color-black subcolor-main transform-default has-subheader theme-icon-second icon-type-default heading-tag-h3\" id=\"like_sc_header_35019963\"><h5 class=\"subheader ltx-sr-id-like_sc_header_350199631253109725 ltx-sr ltx-sr-effect-fade_in ltx-sr-el-block ltx-sr-delay-100 ltx-sr-duration-300 ltx-sr-sequences-50\">\u0406\u043d\u0444\u043e\u0440\u043c\u0430\u0446\u0456\u044f<\/h5><h3 class=\"header ltx-sr-id-like_sc_header_350199631190304804 ltx-sr ltx-sr-effect-fade_in ltx-sr-el-block ltx-sr-delay-0 ltx-sr-duration-1000 ltx-sr-sequences-0\">\u041a\u043e\u043c\u0435\u0440\u0446\u0456\u0439\u043d\u0456 \u043f\u0440\u0438\u043c\u0456\u0449\u0435\u043d\u043d\u044f \u0442\u0430 \u043f\u0430\u0440\u043a\u0443\u0432\u0430\u043b\u044c\u043d\u0456 \u043c\u0456\u0441\u0446\u044f<\/h3><\/div>\n\t<div class=\"wpb_text_column wpb_content_element\" >\n\t\t<div class=\"wpb_wrapper\">\n\t\t\t<p>\u041c\u0438 \u043f\u0440\u043e\u043f\u043e\u043d\u0443\u0454\u043c\u043e \u043a\u043e\u043c\u0435\u0440\u0446\u0456\u0439\u043d\u0456 \u043f\u0440\u0438\u043c\u0456\u0449\u0435\u043d\u043d\u044f \u0432 \u043e\u0440\u0435\u043d\u0434\u0443: \u0432 \u041a\u0430\u0442\u043e\u0432\u0456\u0446\u0435, \u043e\u043a\u0440\u0435\u043c\u0443 \u0431\u0443\u0434\u0456\u0432\u043b\u044e, \u0442\u0430 \u0432 \u0411\u0438\u0442\u043e\u043c\u0456, \u043f\u0440\u0438\u043c\u0456\u0449\u0435\u043d\u043d\u044f, \u0440\u043e\u0437\u0442\u0430\u0448\u043e\u0432\u0430\u043d\u0435 \u043d\u0430 \u043f\u0435\u0440\u0448\u043e\u043c\u0443 \u043f\u043e\u0432\u0435\u0440\u0441\u0456 \u0431\u0443\u0434\u0456\u0432\u043b\u0456 \u0437 \u043b\u0456\u0444\u0442\u043e\u043c, \u0430 \u0442\u0430\u043a\u043e\u0436 \u043f\u0430\u0440\u043a\u043e\u043c\u0456\u0441\u0446\u0435.<\/p>\n<p class=\"p1\">\u041c\u0438 \u043c\u0430\u0454\u043c\u043e \u043f\u0430\u0440\u043a\u0443\u0432\u0430\u043b\u044c\u043d\u0456 \u043c\u0456\u0441\u0446\u044f \u0432 \u041a\u0430\u0442\u043e\u0432\u0456\u0446\u0435, \u0411\u0438\u0442\u043e\u043c\u0456 \u0442\u0430 \u0421\u043e\u0441\u043d\u043e\u0432\u0446\u0456, \u0449\u043e \u043d\u0430\u043b\u0456\u0447\u0443\u044e\u0442\u044c 40 \u043f\u0430\u0440\u043a\u0443\u0432\u0430\u043b\u044c\u043d\u0438\u0445 \u043c\u0456\u0441\u0446\u044c:<\/p>\n\n\t\t<\/div>\n\t<\/div>\n<div class=\"vc_separator wpb_content_element vc_separator_align_center vc_sep_width_100 vc_sep_pos_align_center vc_separator_no_text vc_sep_color_grey wpb_content_element  wpb_content_element\" ><span class=\"vc_sep_holder vc_sep_holder_l\"><span class=\"vc_sep_line\"><\/span><\/span><span class=\"vc_sep_holder vc_sep_holder_r\"><span class=\"vc_sep_line\"><\/span><\/span>\n<\/div><div class=\"btn-wrap\"><a href=\"https:\/\/prosportivo.eu\/uk\/kontakt-hotele\/\"  class=\"btn  btn-main color-hover-default\" id=\"like_sc_button_2099434663\">\u043a\u043e\u043d\u0442\u0430\u043a\u0442<\/a><\/div><\/div><\/div><\/div><div class=\"wpb_column vc_column_container vc_col-sm-12 vc_col-lg-6 vc_col-md-12\"><div class=\"vc_column-inner\"><div class=\"wpb_wrapper\">\n\t<div  class=\"wpb_single_image wpb_content_element vc_align_left wpb_content_element\">\n\t\t\n\t\t<figure class=\"wpb_wrapper vc_figure\">\n\t\t\t<div class=\"vc_single_image-wrapper   vc_box_border_grey\"><img decoding=\"async\" class=\"vc_single_image-img\" src=\"https:\/\/prosportivo.eu\/wp-content\/uploads\/2025\/06\/medium_x_N_Ep9_Gk_Vjs_Lom_C_Uf_Hd_M7_L_861d889b240a4f87ba56134d325d8bb4_ef8df04225-600x400.webp\" width=\"600\" height=\"400\" alt=\"medium_x_N_Ep9_Gk_Vjs_Lom_C_Uf_Hd_M7_L_861d889b240a4f87ba56134d325d8bb4_ef8df04225\" title=\"medium_x_N_Ep9_Gk_Vjs_Lom_C_Uf_Hd_M7_L_861d889b240a4f87ba56134d325d8bb4_ef8df04225\" loading=\"lazy\" \/><\/div>\n\t\t<\/figure>\n\t<\/div>\n<\/div><\/div><\/div><\/div><div data-vc-full-width=\"true\" data-vc-full-width-init=\"false\" class=\"vc_row wpb_row vc_row-fluid bg-color-gray\"><div class=\"wpb_column vc_column_container vc_col-sm-12\"><div class=\"vc_column-inner\"><div class=\"wpb_wrapper\"><div class=\"es-resp\">\t<div class=\"visible-xl\" style=\"height: 125px;\"><\/div>\t<div class=\"hidden-xl hidden-md hidden-sm hidden-ms hidden-xs\" style=\"height: 125px;\"><\/div>\t<div class=\"visible-md\" style=\"height: 125px;\"><\/div>\t<div class=\"visible-sm\" style=\"height: 125px;\"><\/div>\t<div class=\"visible-ms\" style=\"height: 64px;\"><\/div>\t<div class=\"visible-xs\" style=\"height: 64px;\"><\/div><\/div><ul class=\"ltx-block-icon  has-descr  icons-count-3 align-center ltx-icon-color-main ltx-icon-type-transparent ltx-bg-color-white layout-cols3 ltx-icon-top  row centered\"  id=\"like_sc_block_icon_514393369\"><li class=\"col-lg-4 col-md-4 col-sm-4 col-ms-4 col-xs-12\" ><div  data-mh=\"ltx-block-icon-in-1469\" class=\"in matchHeight\"><span class=\"ltx-icon icon-shield bg-white\" data-mh=\"ltx-icon-span-like_sc_block_icon_514393369\"><\/span> <h5 class=\"header\"> \u0411\u0415\u0417\u041f\u0415\u041a\u0410 \u0422\u0420\u0410\u041d\u0421\u041f\u041e\u0420\u0422\u041d\u0418\u0425 \u0417\u0410\u0421\u041e\u0411\u0406\u0412 <\/h5> <div class=\"descr\">\u041a\u043e\u043d\u0442\u0440\u043e\u043b\u044c\u043e\u0432\u0430\u043d\u0456 \u043f\u0430\u0440\u043a\u0443\u0432\u0430\u043b\u044c\u043d\u0456 \u043c\u0456\u0441\u0446\u044f \u0434\u043e\u0437\u0432\u043e\u043b\u044f\u044e\u0442\u044c \u043a\u043e\u043d\u0442\u0440\u043e\u043b\u044e\u0432\u0430\u0442\u0438 \u0441\u0438\u0442\u0443\u0430\u0446\u0456\u044e \u0437 \u043f\u0430\u0440\u043a\u0443\u0432\u0430\u043d\u043d\u044f\u043c. \u0426\u0435 \u0434\u043e\u0437\u0432\u043e\u043b\u044f\u0454 \u0448\u0432\u0438\u0434\u043a\u043e \u0440\u0435\u0430\u0433\u0443\u0432\u0430\u0442\u0438 \u043d\u0430 \u0431\u0443\u0434\u044c-\u044f\u043a\u0456 \u0456\u043d\u0446\u0438\u0434\u0435\u043d\u0442\u0438 \u0442\u0430 \u0437\u0430\u0431\u0435\u0437\u043f\u0435\u0447\u0443\u0432\u0430\u0442\u0438 \u0431\u0435\u0437\u043f\u0435\u043a\u0443 \u043c\u0430\u0439\u043d\u0430.<\/div><\/div><\/li><li class=\"col-lg-4 col-md-4 col-sm-4 col-ms-4 col-xs-12\" ><div  data-mh=\"ltx-block-icon-in-1469\" class=\"in matchHeight\"><span class=\"ltx-icon icon-calendar bg-white\" data-mh=\"ltx-icon-span-like_sc_block_icon_514393369\"><\/span> <h5 class=\"header\"> \u0417\u0410\u0425\u0418\u0421\u0422 \u041c\u0410\u0419\u041d\u0410 <\/h5> <div class=\"descr\">\u041d\u0430 \u043d\u0430\u0448\u0438\u0445 \u043f\u0430\u0440\u043a\u043e\u0432\u043a\u0430\u0445 \u043c\u0438 \u0434\u0431\u0430\u0454\u043c\u043e \u043d\u0435 \u043b\u0438\u0448\u0435 \u043f\u0440\u043e \u0431\u0435\u0437\u043f\u0435\u043a\u0443 \u0442\u0440\u0430\u043d\u0441\u043f\u043e\u0440\u0442\u043d\u0438\u0445 \u0437\u0430\u0441\u043e\u0431\u0456\u0432, \u0430 \u0439 \u043f\u0440\u043e \u043c\u0430\u0439\u043d\u043e, \u0437\u0430\u043b\u0438\u0448\u0435\u043d\u0435 \u0432 \u043d\u0438\u0445. \u041a\u0440\u0456\u043c \u0442\u043e\u0433\u043e, \u043f\u043e \u0432\u0441\u0456\u0439 \u043f\u0430\u0440\u043a\u043e\u0432\u0446\u0456 \u0440\u043e\u0437\u043c\u0456\u0449\u0435\u043d\u0456 \u0456\u043d\u0444\u043e\u0440\u043c\u0430\u0446\u0456\u0439\u043d\u0456 \u0442\u0430\u0431\u043b\u0438\u0447\u043a\u0438, \u044f\u043a\u0456 \u0456\u043d\u0444\u043e\u0440\u043c\u0443\u044e\u0442\u044c \u0432\u043e\u0434\u0456\u0457\u0432 \u043f\u0440\u043e \u043f\u0440\u0430\u0432\u0438\u043b\u0430 \u043f\u0430\u0440\u043a\u0443\u0432\u0430\u043d\u043d\u044f \u0442\u0430 \u0447\u0438\u043d\u043d\u0456 \u043d\u043e\u0440\u043c\u0438 \u0431\u0435\u0437\u043f\u0435\u043a\u0438.<\/div><\/div><\/li><li class=\"col-lg-4 col-md-4 col-sm-4 col-ms-4 col-xs-12\" ><div  data-mh=\"ltx-block-icon-in-1469\" class=\"in matchHeight\"><span class=\"ltx-icon icon-calendar bg-white\" data-mh=\"ltx-icon-span-like_sc_block_icon_514393369\"><\/span> <h5 class=\"header\"> \u041f\u0440\u043e\u0444\u0435\u0441\u0456\u0439\u043d\u0435 \u043e\u0431\u0441\u043b\u0443\u0433\u043e\u0432\u0443\u0432\u0430\u043d\u043d\u044f <\/h5> <div class=\"descr\">\u041d\u0430\u0448\u0430 \u0434\u043e\u0441\u0432\u0456\u0434\u0447\u0435\u043d\u0430 \u043a\u043e\u043c\u0430\u043d\u0434\u0430 \u0433\u043e\u0442\u043e\u0432\u0430 \u043d\u0430\u0434\u0430\u0432\u0430\u0442\u0438 \u043f\u0440\u043e\u0444\u0435\u0441\u0456\u0439\u043d\u0456 \u043f\u043e\u0441\u043b\u0443\u0433\u0438 \u0446\u0456\u043b\u043e\u0434\u043e\u0431\u043e\u0432\u043e, \u0432\u0440\u0430\u0445\u043e\u0432\u0443\u044e\u0447\u0438 \u043a\u043e\u0436\u043d\u0443 \u0434\u0435\u0442\u0430\u043b\u044c \u0442\u0430 \u043f\u043e\u0442\u0440\u0435\u0431\u0438 \u043a\u043b\u0456\u0454\u043d\u0442\u0430.<\/div><\/div><\/li><\/ul><ul class=\"ltx-block-icon  has-descr  icons-count-2 align-center ltx-icon-color-main ltx-icon-type-transparent ltx-bg-color-white layout-cols2 ltx-icon-top  row centered\"  id=\"like_sc_block_icon_1760439566\"><li class=\"col-xl-6 col-lg-6 col-md-6 col-sm-12 col-ms-12 col-xs-12\" ><div  data-mh=\"ltx-block-icon-in-1338\" class=\"in matchHeight\"><span class=\"ltx-icon icon-shield bg-white\" data-mh=\"ltx-icon-span-like_sc_block_icon_1760439566\"><\/span> <h5 class=\"header\"> \u041a\u041e\u041c\u0415\u0420\u0426\u0406\u0419\u041d\u0415 \u041f\u0420\u0418\u041c\u0406\u0429\u0415\u041d\u041d\u042f: \u041a\u0410\u0422\u041e\u0412\u0406\u0426\u0415 <\/h5> <div class=\"descr\">\u041c\u0438 \u043f\u0440\u043e\u043f\u043e\u043d\u0443\u0454\u043c\u043e \u043a\u043e\u043c\u0435\u0440\u0446\u0456\u0439\u043d\u0435 \u043f\u0440\u0438\u043c\u0456\u0449\u0435\u043d\u043d\u044f \u0432 \u043e\u0440\u0435\u043d\u0434\u0443 \u0432 \u041a\u0430\u0442\u043e\u0432\u0456\u0446\u0435. \u0426\u0435 \u043e\u043a\u0440\u0435\u043c\u0430 \u0431\u0443\u0434\u0456\u0432\u043b\u044f \u043f\u043b\u043e\u0449\u0435\u044e 44 \u043c\u00b2 \u0442\u0430 \u0434\u0456\u043b\u044f\u043d\u043a\u043e\u044e \u043f\u043b\u043e\u0449\u0435\u044e 88 \u043c\u00b2. \u041f\u0440\u0438\u0437\u043d\u0430\u0447\u0435\u043d\u0430 \u0434\u043b\u044f \u043e\u0444\u0456\u0441\u0443, \u043f\u043e\u0441\u043b\u0443\u0433, \u043f\u0440\u0430\u043a\u0442\u0438\u043a\u0438 \u0442\u0430 \u0456\u043d\u0448\u043e\u0433\u043e \u0432\u0438\u043a\u043e\u0440\u0438\u0441\u0442\u0430\u043d\u043d\u044f.<\/div><\/div><\/li><li class=\"col-xl-6 col-lg-6 col-md-6 col-sm-12 col-ms-12 col-xs-12\" ><div  data-mh=\"ltx-block-icon-in-1338\" class=\"in matchHeight\"><span class=\"ltx-icon icon-calendar bg-white\" data-mh=\"ltx-icon-span-like_sc_block_icon_1760439566\"><\/span> <h5 class=\"header\"> \u041a\u041e\u041c\u0415\u0420\u0426\u0406\u0419\u041d\u0415 \u041f\u0420\u0418\u041c\u0406\u0429\u0415\u041d\u041d\u042f: \u0411\u0418\u0422\u041e\u041c <\/h5> <div class=\"descr\">\u041f\u0440\u043e\u043f\u043e\u043d\u0443\u0454\u043c\u043e \u0432 \u043e\u0440\u0435\u043d\u0434\u0443 \u043a\u043e\u043c\u0435\u0440\u0446\u0456\u0439\u043d\u0435 \u043f\u0440\u0438\u043c\u0456\u0449\u0435\u043d\u043d\u044f \u043f\u043b\u043e\u0449\u0435\u044e 25 \u043c\u00b2 \u0443 \u0411\u0438\u0442\u043e\u043c\u0456, \u0440\u043e\u0437\u0442\u0430\u0448\u043e\u0432\u0430\u043d\u0435 \u043d\u0430 \u043f\u0435\u0440\u0448\u043e\u043c\u0443 \u043f\u043e\u0432\u0435\u0440\u0441\u0456 \u0431\u0443\u0434\u0456\u0432\u043b\u0456 \u0437 \u043b\u0456\u0444\u0442\u043e\u043c \u0442\u0430 \u043f\u0430\u0440\u043a\u0443\u0432\u0430\u043b\u044c\u043d\u0438\u043c \u043c\u0456\u0441\u0446\u0435\u043c. \u041f\u0456\u0434\u0445\u043e\u0434\u0438\u0442\u044c \u0434\u043b\u044f \u043e\u0444\u0456\u0441\u0443, \u043f\u043e\u0441\u043b\u0443\u0433, \u043f\u0440\u0430\u043a\u0442\u0438\u043a\u0438 \u0430\u0431\u043e \u0456\u043d\u0448\u043e\u0433\u043e \u0432\u0438\u043a\u043e\u0440\u0438\u0441\u0442\u0430\u043d\u043d\u044f.\n\n<\/div><\/div><\/li><\/ul><div class=\"es-resp\">\t<div class=\"visible-xl\" style=\"height: 120px;\"><\/div>\t<div class=\"hidden-xl hidden-md hidden-sm hidden-ms hidden-xs\" style=\"height: 120px;\"><\/div>\t<div class=\"visible-md\" style=\"height: 120px;\"><\/div>\t<div class=\"visible-sm\" style=\"height: 120px;\"><\/div>\t<div class=\"visible-ms\" style=\"height: 64px;\"><\/div>\t<div class=\"visible-xs\" style=\"height: 64px;\"><\/div><\/div><\/div><\/div><\/div><\/div><div class=\"vc_row-full-width vc_clearfix\"><\/div><\/section><div class=\"vc_row-full-width vc_clearfix\"><\/div>\n<\/div>","protected":false},"excerpt":{"rendered":"Hotele i nieruchomo\u015bci Skontaktuj si\u0119 z nami: Hotele i apartamentyNieruchomo\u015bciKontakt","protected":false},"author":1,"featured_media":0,"parent":0,"menu_order":0,"comment_status":"closed","ping_status":"closed","template":"page-templates\/full-width.php","meta":{"om_disable_all_campaigns":false,"_monsterinsights_skip_tracking":false,"_monsterinsights_sitenote_active":false,"_monsterinsights_sitenote_note":"","_monsterinsights_sitenote_category":0,"footnotes":""},"class_list":["post-8840","page","type-page","status-publish","hentry","has-post-thumbnail"],"aioseo_notices":[],"_links":{"self":[{"href":"https:\/\/prosportivo.eu\/uk\/wp-json\/wp\/v2\/pages\/8840","targetHints":{"allow":["GET"]}}],"collection":[{"href":"https:\/\/prosportivo.eu\/uk\/wp-json\/wp\/v2\/pages"}],"about":[{"href":"https:\/\/prosportivo.eu\/uk\/wp-json\/wp\/v2\/types\/page"}],"author":[{"embeddable":true,"href":"https:\/\/prosportivo.eu\/uk\/wp-json\/wp\/v2\/users\/1"}],"replies":[{"embeddable":true,"href":"https:\/\/prosportivo.eu\/uk\/wp-json\/wp\/v2\/comments?post=8840"}],"version-history":[{"count":22,"href":"https:\/\/prosportivo.eu\/uk\/wp-json\/wp\/v2\/pages\/8840\/revisions"}],"predecessor-version":[{"id":9227,"href":"https:\/\/prosportivo.eu\/uk\/wp-json\/wp\/v2\/pages\/8840\/revisions\/9227"}],"wp:attachment":[{"href":"https:\/\/prosportivo.eu\/uk\/wp-json\/wp\/v2\/media?parent=8840"}],"curies":[{"name":"wp","href":"https:\/\/api.w.org\/{rel}","templated":true}]}}